{"id":73,"date":"2021-03-30T12:18:59","date_gmt":"2021-03-30T16:18:59","guid":{"rendered":"https:\/\/wiftcanadacoalition.ca\/?page_id=73"},"modified":"2021-10-27T12:54:12","modified_gmt":"2021-10-27T16:54:12","slug":"home-page","status":"publish","type":"page","link":"https:\/\/wiftcanadacoalition.ca\/en\/","title":{"rendered":"Home"},"content":{"rendered":"<div id=\"pl-73\"  class=\"panel-layout\" ><div id=\"pg-73-0\"  class=\"panel-grid panel-no-style\" ><div id=\"pgc-73-0-0\"  class=\"panel-grid-cell\" ><div id=\"panel-73-0-0-0\" class=\"widget_text so-panel widget widget_custom_html panel-first-child panel-last-child\" data-index=\"0\" ><div class=\"textwidget custom-html-widget\"><img decoding=\"async\" src=\"https:\/\/wiftcanadacoalition.ca\/wp-content\/uploads\/2021\/05\/WCC-BI-CLR-BLACK.svg\" alt=\"Women in Film and Television Canada Coalition Logo\" loading=\"lazy\" class=\"so-widget-image\" width=\"500px\" height=\"175px\" style=\"width:100%;height:auto;\"><\/div><\/div><\/div><\/div><div id=\"pg-73-1\"  class=\"panel-grid panel-has-style\" ><div class=\"pinched panel-row-style panel-row-style-for-73-1\" ><div id=\"pgc-73-1-0\"  class=\"panel-grid-cell\" ><div id=\"panel-73-1-0-0\" class=\"so-panel widget widget_sow-editor panel-first-child panel-last-child\" data-index=\"1\" ><div\n\t\t\t\n\t\t\tclass=\"so-widget-sow-editor so-widget-sow-editor-base\"\n\t\t\t\n\t\t>\n<div class=\"siteorigin-widget-tinymce textwidget\">\n\t<p style=\"text-align: center;\"><span style=\"font-size: 22px;\"><strong>The WIFT Canada Coalition is a dynamic group of autonomous WIFT chapters across Canada: <\/strong><\/span><span style=\"font-size: 22px;\"><strong>WIFT Atlantic, FCTMN - Qu\u00e9bec, WIFT Toronto, WIFT Alberta and WIFT Vancouver \u2013 and Women in View.\u00a0 <\/strong><\/span><span style=\"font-size: 22px;\"><strong>Recognizing the influence and power of numbers, these six <\/strong><\/span><span style=\"font-size: 22px;\"><strong>organizations have come <\/strong><\/span><span style=\"font-size: 22px;\"><strong>together as one active force for change. <\/strong><\/span><\/p>\n<\/div>\n<\/div><\/div><\/div><\/div><\/div><div id=\"pg-73-2\"  class=\"panel-grid panel-has-style\" ><div class=\"full-width-bg accent-color-background header-footer-padding panel-row-style panel-row-style-for-73-2\" ><div id=\"pgc-73-2-0\"  class=\"panel-grid-cell\" ><div id=\"panel-73-2-0-0\" class=\"so-panel widget widget_sow-editor panel-first-child panel-last-child\" data-index=\"2\" ><div\n\t\t\t\n\t\t\tclass=\"so-widget-sow-editor so-widget-sow-editor-base\"\n\t\t\t\n\t\t>\n<div class=\"siteorigin-widget-tinymce textwidget\">\n\t<p style=\"text-align: center;\"><strong><span style=\"font-size: 32px;\">\u00a0The Coalition is committed to exploring issues, to challenging the status quo and to championing initiatives that contribute to an equitable and safe environment for all women and gender diverse people in the Canadian screen industry.<\/span><\/strong><\/p>\n<\/div>\n<\/div><\/div><\/div><\/div><\/div><div id=\"pg-73-3\"  class=\"panel-grid panel-no-style\" ><div id=\"pgc-73-3-0\"  class=\"panel-grid-cell\" ><div id=\"panel-73-3-0-0\" class=\"so-panel widget widget_sow-editor panel-first-child\" data-index=\"3\" ><div\n\t\t\t\n\t\t\tclass=\"so-widget-sow-editor so-widget-sow-editor-base\"\n\t\t\t\n\t\t>\n<div class=\"siteorigin-widget-tinymce textwidget\">\n\t<p><a href=\"https:\/\/cmf-fmc.ca\/\"><img loading=\"lazy\" decoding=\"async\" class=\"aligncenter wp-image-80\" src=\"https:\/\/wiftcanadacoalition.ca\/wp-content\/uploads\/2021\/03\/CMF-Logo-ENG-1C-Black-POS-RGB-1.png\" alt=\"\" width=\"174\" height=\"127\" srcset=\"https:\/\/wiftcanadacoalition.ca\/wp-content\/uploads\/2021\/03\/CMF-Logo-ENG-1C-Black-POS-RGB-1.png 348w, https:\/\/wiftcanadacoalition.ca\/wp-content\/uploads\/2021\/03\/CMF-Logo-ENG-1C-Black-POS-RGB-1-300x219.png 300w\" sizes=\"auto, (max-width: 174px) 100vw, 174px\" \/><\/a><\/p>\n<p style=\"text-align: center;\"><span style=\"font-size: 20px;\">We are grateful for the support we have received from the Canada Media Fund.<\/span><\/p>\n<\/div>\n<\/div><\/div><div id=\"panel-73-3-0-1\" class=\"so-panel widget widget_sow-editor panel-last-child\" data-index=\"4\" ><div\n\t\t\t\n\t\t\tclass=\"so-widget-sow-editor so-widget-sow-editor-base\"\n\t\t\t\n\t\t>\n<div class=\"siteorigin-widget-tinymce textwidget\">\n\t<hr \/>\n<\/div>\n<\/div><\/div><\/div><\/div><div id=\"pg-73-4\"  class=\"panel-grid panel-no-style\" ><div id=\"pgc-73-4-0\"  class=\"panel-grid-cell\" ><div id=\"panel-73-4-0-0\" class=\"so-panel widget widget_sow-editor panel-first-child\" data-index=\"5\" ><div\n\t\t\t\n\t\t\tclass=\"so-widget-sow-editor so-widget-sow-editor-base\"\n\t\t\t\n\t\t>\n<div class=\"siteorigin-widget-tinymce textwidget\">\n\t<h1 style=\"text-align: center;\"><strong>Press Release<\/strong><\/h1>\n<p style=\"text-align: center;\"><b>October 27, 2021 \u2013 The Women in Film and Television Canada Coalition (WIFT-CC)\u00a0<\/b>has released its latest research study:\u00a0<b><i>Deciding on Diversity: COVID-19, Risk and Intersectional Inequality in the Canadian Film and Television Industry<\/i><\/b>, authored by\u00a0<b>Dr. Amanda Coles\u00a0<\/b>of Deakin University, Australia, and\u00a0<b>Professor Deb Verhoeven,\u00a0<\/b>Canada 150 Research Chair in Gender and Cultural Informatics at the University of Alberta.<\/p>\n<\/div>\n<\/div><\/div><div id=\"panel-73-4-0-1\" class=\"so-panel widget widget_sow-button\" data-index=\"6\" ><div\n\t\t\t\n\t\t\tclass=\"so-widget-sow-button so-widget-sow-button-atom-f54c0409268f-73\"\n\t\t\t\n\t\t><div class=\"ow-button-base ow-button-align-center\"\n>\n\t\t\t<a\n\t\t\t\t\thref=\"https:\/\/wiftcanadacoalition.ca\/wp-content\/uploads\/2021\/10\/WIFT-Diversity-News-Release-EN-October-27-11-AM-ET-.pdf\"\n\t\t\t\t\tclass=\"sowb-button ow-icon-placement-left ow-button-hover\" \t>\n\t\t<span>\n\t\t\t\n\t\t\tRead the Press Release\t\t<\/span>\n\t\t\t<\/a>\n\t<\/div>\n<\/div><\/div><div id=\"panel-73-4-0-2\" class=\"so-panel widget widget_sow-button panel-last-child\" data-index=\"7\" ><div\n\t\t\t\n\t\t\tclass=\"so-widget-sow-button so-widget-sow-button-atom-f54c0409268f-73\"\n\t\t\t\n\t\t><div class=\"ow-button-base ow-button-align-center\"\n>\n\t\t\t<a\n\t\t\t\t\thref=\"https:\/\/wiftcanadacoalition.ca\/wp-content\/uploads\/2021\/10\/DOD-Report_English_September30-2021-1.pdf\"\n\t\t\t\t\tclass=\"sowb-button ow-icon-placement-left ow-button-hover\" target=\"_blank\" rel=\"noopener noreferrer\" \t>\n\t\t<span>\n\t\t\t\n\t\t\tDownload the Deciding on Diversity Report\t\t<\/span>\n\t\t\t<\/a>\n\t<\/div>\n<\/div><\/div><\/div><\/div><div id=\"pg-73-5\"  class=\"panel-grid panel-no-style\" ><div id=\"pgc-73-5-0\"  class=\"panel-grid-cell\" ><div id=\"panel-73-5-0-0\" class=\"so-panel widget widget_sow-editor panel-first-child panel-last-child\" data-index=\"8\" ><div\n\t\t\t\n\t\t\tclass=\"so-widget-sow-editor so-widget-sow-editor-base\"\n\t\t\t\n\t\t>\n<div class=\"siteorigin-widget-tinymce textwidget\">\n\t<hr \/>\n<\/div>\n<\/div><\/div><\/div><\/div><div id=\"pg-73-6\"  class=\"panel-grid panel-has-style\" ><div class=\"pinched panel-row-style panel-row-style-for-73-6\" ><div id=\"pgc-73-6-0\"  class=\"panel-grid-cell\" ><div id=\"panel-73-6-0-0\" class=\"so-panel widget widget_sow-editor panel-first-child panel-last-child\" data-index=\"9\" ><div\n\t\t\t\n\t\t\tclass=\"so-widget-sow-editor so-widget-sow-editor-base\"\n\t\t\t\n\t\t>\n<div class=\"siteorigin-widget-tinymce textwidget\">\n\t<p><a href=\"https:\/\/wiftcanadacoalition.ca\/wp-content\/uploads\/2021\/05\/WIFT-AT_hzlogo_CMYK-3.svg\" target=\"_blank\" rel=\"noopener\"><img loading=\"lazy\" decoding=\"async\" class=\"wp-image-917 size-medium aligncenter\" src=\"https:\/\/wiftcanadacoalition.ca\/wp-content\/uploads\/2021\/05\/WIFT-AT_hzlogo_CMYK-3.svg\" alt=\"\" width=\"300\" height=\"300\" \/><\/a><\/p>\n<p style=\"text-align: center;\">Founded in 2009, Women in Film &amp; Television - Atlantic (WIFT-AT) is a non-profit professional association that advances the careers of women and all people facing gender-based oppression working in screen-based media in Atlantic Canada. Our mission is to celebrate, grow, and leverage the skills, talents, and potential of our 220+ members across Canada\u2019s four easternmost provinces: Nova Scotia, New Brunswick, Prince Edward Island, and Newfoundland and Labrador.<\/p>\n<p style=\"text-align: center;\"><a href=\"https:\/\/www.wift-at.com\/\" target=\"_blank\" rel=\"noopener\">WIFT Atlantic Website<\/a><\/p>\n<\/div>\n<\/div><\/div><\/div><div id=\"pgc-73-6-1\"  class=\"panel-grid-cell\" ><div id=\"panel-73-6-1-0\" class=\"so-panel widget widget_sow-editor panel-first-child panel-last-child\" data-index=\"10\" ><div\n\t\t\t\n\t\t\tclass=\"so-widget-sow-editor so-widget-sow-editor-base\"\n\t\t\t\n\t\t>\n<div class=\"siteorigin-widget-tinymce textwidget\">\n\t<p style=\"text-align: center;\"><a href=\"https:\/\/fctmn.org\/\" target=\"_blank\" rel=\"noopener\"><img loading=\"lazy\" decoding=\"async\" class=\"alignnone wp-image-528 size-medium\" src=\"https:\/\/wiftcanadacoalition.ca\/wp-content\/uploads\/2021\/05\/FCTMN_logo_Poster_PMSU-POST.svg\" alt=\"Femmes du cinema de la television et des medias numeriques\" width=\"300\" height=\"300\" \/><\/a><\/p>\n<p style=\"text-align: center;\">Femmes du cin\u00e9ma, de la t\u00e9l\u00e9vision et des m\u00e9dias num\u00e9riques (FCTMN) is the Quebec network that supports women and non-binary people from the creative industries in the development and promotion of their careers. Founded in 1991, our mission is to ensure a better representation of women in the industry with a diversified offer of activities, training, peer coaching, networking, webinars and professional meetings.<\/p>\n<p style=\"text-align: center;\"><a href=\"https:\/\/fctmn.org\/\" target=\"_blank\" rel=\"noopener\">Femmes Du Cin\u00e9ma Website<\/a><\/p>\n<\/div>\n<\/div><\/div><\/div><\/div><\/div><div id=\"pg-73-7\"  class=\"panel-grid panel-has-style\" ><div class=\"pinched panel-row-style panel-row-style-for-73-7\" ><div id=\"pgc-73-7-0\"  class=\"panel-grid-cell\" ><div id=\"panel-73-7-0-0\" class=\"so-panel widget widget_sow-editor panel-first-child panel-last-child\" data-index=\"11\" ><div\n\t\t\t\n\t\t\tclass=\"so-widget-sow-editor so-widget-sow-editor-base\"\n\t\t\t\n\t\t>\n<div class=\"siteorigin-widget-tinymce textwidget\">\n\t<p style=\"text-align: center;\"><a href=\"https:\/\/www.wift.com\/\" target=\"_blank\" rel=\"noopener\"><img loading=\"lazy\" decoding=\"async\" class=\"alignnone wp-image-493 size-medium\" src=\"https:\/\/wiftcanadacoalition.ca\/wp-content\/uploads\/2021\/04\/TO-WIFT_LandscapeLogo_FullColour-300x108.png\" alt=\"\" width=\"300\" height=\"108\" srcset=\"https:\/\/wiftcanadacoalition.ca\/wp-content\/uploads\/2021\/04\/TO-WIFT_LandscapeLogo_FullColour-300x108.png 300w, https:\/\/wiftcanadacoalition.ca\/wp-content\/uploads\/2021\/04\/TO-WIFT_LandscapeLogo_FullColour-1024x368.png 1024w, https:\/\/wiftcanadacoalition.ca\/wp-content\/uploads\/2021\/04\/TO-WIFT_LandscapeLogo_FullColour-768x276.png 768w, https:\/\/wiftcanadacoalition.ca\/wp-content\/uploads\/2021\/04\/TO-WIFT_LandscapeLogo_FullColour.png 1404w\" sizes=\"auto, (max-width: 300px) 100vw, 300px\" \/><\/a><\/p>\n<p style=\"text-align: center;\">Founded in 1984, WIFT Toronto is a member-based, not-for-profit organization. \u00a0We are passionate individuals who are dedicated to the education, engagement and empowerment of our members at all stages of their careers in the screen-based media industry.<\/p>\n<p style=\"text-align: center;\"><a href=\"https:\/\/www.wift.com\/\" target=\"_blank\" rel=\"noopener\">WIFT Toronto Website<\/a><\/p>\n<\/div>\n<\/div><\/div><\/div><div id=\"pgc-73-7-1\"  class=\"panel-grid-cell\" ><div id=\"panel-73-7-1-0\" class=\"so-panel widget widget_sow-editor panel-first-child panel-last-child\" data-index=\"12\" ><div\n\t\t\t\n\t\t\tclass=\"so-widget-sow-editor so-widget-sow-editor-base\"\n\t\t\t\n\t\t>\n<div class=\"siteorigin-widget-tinymce textwidget\">\n\t<p style=\"text-align: center;\"><a href=\"https:\/\/www.wifta.ca\/\" target=\"_blank\" rel=\"noopener\"><img loading=\"lazy\" decoding=\"async\" class=\"alignnone wp-image-518 size-medium\" src=\"https:\/\/wiftcanadacoalition.ca\/wp-content\/uploads\/2021\/05\/WIFT-Alberta-21.svg\" alt=\"\" width=\"300\" height=\"300\" \/><\/a><\/p>\n<p style=\"text-align: center;\">Founded in 1998, WIFT Alberta\u2019s vision is to create an inclusive community that unifies, empowers and advocates for women, femme-identifying and non-binary people in the media &amp; screen industries at all stages of their careers. We support our membership through mentorship, information and resources, professional development, fun events, opportunities to showcase their work and networking.<\/p>\n<p style=\"text-align: center;\"><a href=\"https:\/\/www.wifta.ca\/\" target=\"_blank\" rel=\"noopener\">WIFT Alberta Website<\/a><\/p>\n<\/div>\n<\/div><\/div><\/div><\/div><\/div><div id=\"pg-73-8\"  class=\"panel-grid panel-has-style\" ><div class=\"pinched panel-row-style panel-row-style-for-73-8\" ><div id=\"pgc-73-8-0\"  class=\"panel-grid-cell\" ><div id=\"panel-73-8-0-0\" class=\"so-panel widget widget_sow-editor panel-first-child panel-last-child\" data-index=\"13\" ><div\n\t\t\t\n\t\t\tclass=\"so-widget-sow-editor so-widget-sow-editor-base\"\n\t\t\t\n\t\t>\n<div class=\"siteorigin-widget-tinymce textwidget\">\n\t<p style=\"text-align: center;\"><a href=\"https:\/\/www.womeninfilm.ca\/\" target=\"_blank\" rel=\"noopener\"><img loading=\"lazy\" decoding=\"async\" class=\"alignnone wp-image-542 size-medium\" src=\"https:\/\/wiftcanadacoalition.ca\/wp-content\/uploads\/2021\/05\/Van-WIFTV_Logo_WithName-LARGE-1.svg\" alt=\"\" width=\"300\" height=\"300\" \/><\/a><\/p>\n<p style=\"text-align: center;\">Women In Film and Television Vancouver (WIFTV) is a member-based organization committed to creating an equitable screen-based industry for women and gender diverse people. By addressing systemic barriers we believe we are also working towards more inclusive, representative media.\u00a0Women (trans and cisgender), Two Spirit, non-binary and gender diverse people are welcome to become members of WIFTV. Men are encouraged to join as allies.\u00a0WIFTV incorporated in 1989 as a not-for-profit society registered in British Columbia. Our offices are located on the unceded traditional and ancestral homelands of the Musqueam, Squamish, and Tsleil-Waututh Nations.<\/p>\n<p style=\"text-align: center;\"><a href=\"https:\/\/www.womeninfilm.ca\/\" target=\"_blank\" rel=\"noopener\">WIFT Vancouver Website<\/a><\/p>\n<\/div>\n<\/div><\/div><\/div><div id=\"pgc-73-8-1\"  class=\"panel-grid-cell\" ><div id=\"panel-73-8-1-0\" class=\"so-panel widget widget_sow-editor panel-first-child panel-last-child\" data-index=\"14\" ><div\n\t\t\t\n\t\t\tclass=\"so-widget-sow-editor so-widget-sow-editor-base\"\n\t\t\t\n\t\t>\n<div class=\"siteorigin-widget-tinymce textwidget\">\n\t<p><a href=\"http:\/\/womeninview.ca\/\" target=\"_blank\" rel=\"noopener\"><img loading=\"lazy\" decoding=\"async\" class=\"aligncenter wp-image-406\" src=\"https:\/\/wiftcanadacoalition.ca\/wp-content\/uploads\/2021\/04\/View-WIV-2016-4C-stack-Converted.png\" alt=\"\" width=\"180\" height=\"87\" \/><\/a><\/p>\n<p style=\"text-align: center;\">Women in View is a national, not-for-profit organization dedicated to strengthening gender representation and diversity in Canadian media both on-screen and behind the scenes. We do this through a range of initiatives that seek to generate awareness, promote talent and spark dialogue across the full spectrum of production, policy and artistic arenas. Women in View has led the way in collecting data through their On-Screen Reports that present the facts on gender inequity and lack of inclusion in the Canadian screen industry.<\/p>\n<p style=\"text-align: center;\"><a href=\"http:\/\/womeninview.ca\/\" target=\"_blank\" rel=\"noopener\">Women In View<\/a><\/p>\n<\/div>\n<\/div><\/div><\/div><\/div><\/div><\/div>","protected":false},"excerpt":{"rendered":"<p>The WIFT Canada Coalition is a dynamic group of autonomous WIFT chapters across Canada: WIFT Atlantic, FCTMN &#8211; Qu\u00e9bec, WIFT Toronto, WIFT Alberta and WIFT Vancouver \u2013 and Women in View.\u00a0 Recognizing the influence and power of numbers, these six organizations have come together as one active force for change.<\/p>\n","protected":false},"author":3,"featured_media":0,"parent":0,"menu_order":0,"comment_status":"closed","ping_status":"closed","template":"","meta":{"footnotes":""},"class_list":["post-73","page","type-page","status-publish","hentry"],"acf":[],"_links":{"self":[{"href":"https:\/\/wiftcanadacoalition.ca\/en\/wp-json\/wp\/v2\/pages\/73","targetHints":{"allow":["GET"]}}],"collection":[{"href":"https:\/\/wiftcanadacoalition.ca\/en\/wp-json\/wp\/v2\/pages"}],"about":[{"href":"https:\/\/wiftcanadacoalition.ca\/en\/wp-json\/wp\/v2\/types\/page"}],"author":[{"embeddable":true,"href":"https:\/\/wiftcanadacoalition.ca\/en\/wp-json\/wp\/v2\/users\/3"}],"replies":[{"embeddable":true,"href":"https:\/\/wiftcanadacoalition.ca\/en\/wp-json\/wp\/v2\/comments?post=73"}],"version-history":[{"count":129,"href":"https:\/\/wiftcanadacoalition.ca\/en\/wp-json\/wp\/v2\/pages\/73\/revisions"}],"predecessor-version":[{"id":92,"href":"https:\/\/wiftcanadacoalition.ca\/en\/wp-json\/wp\/v2\/pages\/73\/revisions\/92"}],"wp:attachment":[{"href":"https:\/\/wiftcanadacoalition.ca\/en\/wp-json\/wp\/v2\/media?parent=73"}],"curies":[{"name":"wp","href":"https:\/\/api.w.org\/{rel}","templated":true}]}}