{"id":89,"date":"2021-03-30T14:19:03","date_gmt":"2021-03-30T18:19:03","guid":{"rendered":"https:\/\/wiftcanadacoalition.ca\/?page_id=89"},"modified":"2021-06-10T12:49:47","modified_gmt":"2021-06-10T16:49:47","slug":"language-select","status":"publish","type":"page","link":"https:\/\/wiftcanadacoalition.ca\/","title":{"rendered":"Language Select"},"content":{"rendered":"<div id=\"pl-89\"  class=\"panel-layout\" ><div id=\"pg-89-0\"  class=\"panel-grid panel-no-style\" ><div id=\"pgc-89-0-0\"  class=\"panel-grid-cell\" ><div id=\"panel-89-0-0-0\" class=\"so-panel widget widget_sow-image panel-first-child panel-last-child\" data-index=\"0\" ><div\n\t\t\t\n\t\t\tclass=\"so-widget-sow-image so-widget-sow-image-default-c67d20f9f743-89\"\n\t\t\t\n\t\t>\n<div class=\"sow-image-container\">\n\t\t<img \n\tsrc=\"https:\/\/wiftcanadacoalition.ca\/wp-content\/uploads\/2021\/06\/WCC-BI-WHITE_padded.png\" width=\"1920\" height=\"294\" srcset=\"https:\/\/wiftcanadacoalition.ca\/wp-content\/uploads\/2021\/06\/WCC-BI-WHITE_padded.png 1920w, https:\/\/wiftcanadacoalition.ca\/wp-content\/uploads\/2021\/06\/WCC-BI-WHITE_padded-300x46.png 300w, https:\/\/wiftcanadacoalition.ca\/wp-content\/uploads\/2021\/06\/WCC-BI-WHITE_padded-1024x157.png 1024w, https:\/\/wiftcanadacoalition.ca\/wp-content\/uploads\/2021\/06\/WCC-BI-WHITE_padded-768x118.png 768w, https:\/\/wiftcanadacoalition.ca\/wp-content\/uploads\/2021\/06\/WCC-BI-WHITE_padded-1536x235.png 1536w\" sizes=\"(max-width: 1920px) 100vw, 1920px\" title=\"WCC BI WHITE_padded\" alt=\"Women in Film and Television Canada Coalition \/ Femmes du Cin\u00e9ma de la T\u00e9l\u00e9vision et des m\u00e9dias num\u00e9riques\" \t\tclass=\"so-widget-image\"\/>\n\t<\/div>\n\n<\/div><\/div><\/div><\/div><div id=\"pg-89-1\"  class=\"panel-grid panel-no-style\" ><div id=\"pgc-89-1-0\"  class=\"panel-grid-cell\" ><div id=\"panel-89-1-0-0\" class=\"so-panel widget widget_sow-button panel-first-child panel-last-child\" data-index=\"1\" ><div\n\t\t\t\n\t\t\tclass=\"so-widget-sow-button so-widget-sow-button-atom-f54c0409268f-89\"\n\t\t\t\n\t\t><div class=\"ow-button-base ow-button-align-center\"\n>\n\t\t\t<a\n\t\t\t\t\thref=\"\/en\/\"\n\t\t\t\t\tclass=\"sowb-button ow-icon-placement-left ow-button-hover\" \t>\n\t\t<span>\n\t\t\t\n\t\t\tEnglish\t\t<\/span>\n\t\t\t<\/a>\n\t<\/div>\n<\/div><\/div><\/div><div id=\"pgc-89-1-1\"  class=\"panel-grid-cell\" ><div id=\"panel-89-1-1-0\" class=\"so-panel widget widget_sow-button panel-first-child panel-last-child\" data-index=\"2\" ><div\n\t\t\t\n\t\t\tclass=\"so-widget-sow-button so-widget-sow-button-atom-f54c0409268f-89\"\n\t\t\t\n\t\t><div class=\"ow-button-base ow-button-align-center\"\n>\n\t\t\t<a\n\t\t\t\t\thref=\"\/fr\/\"\n\t\t\t\t\tclass=\"sowb-button ow-icon-placement-left ow-button-hover\" \t>\n\t\t<span>\n\t\t\t\n\t\t\tFran\u00e7ais\t\t<\/span>\n\t\t\t<\/a>\n\t<\/div>\n<\/div><\/div><\/div><\/div><\/div>","protected":false},"excerpt":{"rendered":"<p>English Fran\u00e7ais<\/p>\n","protected":false},"author":3,"featured_media":150,"parent":0,"menu_order":0,"comment_status":"closed","ping_status":"closed","template":"page-lang-select.php","meta":{"footnotes":""},"class_list":["post-89","page","type-page","status-publish","has-post-thumbnail","hentry"],"acf":[],"_links":{"self":[{"href":"https:\/\/wiftcanadacoalition.ca\/en\/wp-json\/wp\/v2\/pages\/89","targetHints":{"allow":["GET"]}}],"collection":[{"href":"https:\/\/wiftcanadacoalition.ca\/en\/wp-json\/wp\/v2\/pages"}],"about":[{"href":"https:\/\/wiftcanadacoalition.ca\/en\/wp-json\/wp\/v2\/types\/page"}],"author":[{"embeddable":true,"href":"https:\/\/wiftcanadacoalition.ca\/en\/wp-json\/wp\/v2\/users\/3"}],"replies":[{"embeddable":true,"href":"https:\/\/wiftcanadacoalition.ca\/en\/wp-json\/wp\/v2\/comments?post=89"}],"version-history":[{"count":7,"href":"https:\/\/wiftcanadacoalition.ca\/en\/wp-json\/wp\/v2\/pages\/89\/revisions"}],"predecessor-version":[{"id":987,"href":"https:\/\/wiftcanadacoalition.ca\/en\/wp-json\/wp\/v2\/pages\/89\/revisions\/987"}],"wp:featuredmedia":[{"embeddable":true,"href":"https:\/\/wiftcanadacoalition.ca\/en\/wp-json\/wp\/v2\/media\/150"}],"wp:attachment":[{"href":"https:\/\/wiftcanadacoalition.ca\/en\/wp-json\/wp\/v2\/media?parent=89"}],"curies":[{"name":"wp","href":"https:\/\/api.w.org\/{rel}","templated":true}]}}