{"id":398,"date":"2021-04-08T16:08:50","date_gmt":"2021-04-08T20:08:50","guid":{"rendered":"https:\/\/wiftcanadacoalition.ca\/research\/"},"modified":"2021-10-27T10:27:52","modified_gmt":"2021-10-27T14:27:52","slug":"projets-de-recherche","status":"publish","type":"page","link":"https:\/\/wiftcanadacoalition.ca\/fr\/projets-de-recherche\/","title":{"rendered":"Projets de recherche"},"content":{"rendered":"<div id=\"pl-398\"  class=\"panel-layout\" ><div id=\"pg-398-0\"  class=\"panel-grid panel-has-style\" ><div class=\"pinched panel-row-style panel-row-style-for-398-0\" ><div id=\"pgc-398-0-0\"  class=\"panel-grid-cell\" ><div id=\"panel-398-0-0-0\" class=\"so-panel widget widget_sow-editor panel-first-child panel-last-child\" data-index=\"0\" ><div\n\t\t\t\n\t\t\tclass=\"so-widget-sow-editor so-widget-sow-editor-base\"\n\t\t\t\n\t\t>\n<div class=\"siteorigin-widget-tinymce textwidget\">\n\t<p style=\"text-align: center;\"><span style=\"font-weight: 400;\">De plus en plus de preuves d\u00e9montrent que les impacts de la pand\u00e9mie de COVID-19 exacerbent les in\u00e9galit\u00e9s sociales et \u00e9conomiques pr\u00e9existantes entre les sexes et les groupes raciaux. Les donn\u00e9es indiquent que les effets du travail et de l'apprentissage \u00e0 domicile touchent les femmes de mani\u00e8re disproportionn\u00e9e et que les profils de risques sociaux, \u00e9conomiques et de sant\u00e9 publique pour les femmes, les communaut\u00e9s racialis\u00e9es et autochtones dans le cadre de la pand\u00e9mie de COVID-19 sont nettement plus \u00e9lev\u00e9s que pour la population g\u00e9n\u00e9rale. <\/span><\/p>\n<p style=\"text-align: center;\"><span style=\"font-weight: 400;\">C'est dans ce contexte que s'inscrivent deux projets de recherche lanc\u00e9s par la Coalition WIFT Canada : The Family Care Project (Le projet de soins aux familles) et Deciding On Diversity : COVID-19, Risk Management and Intersectional Inequality in the Canadian Film and Television Production Industry (D\u00e9cider de la diversit\u00e9: la COVID-19, gestion des risques et in\u00e9galit\u00e9s intersectionnelles dans l'industrie canadienne de la production cin\u00e9matographique et t\u00e9l\u00e9visuelle).<\/span><\/p>\n<p>&nbsp;<\/p>\n<\/div>\n<\/div><\/div><\/div><\/div><\/div><div id=\"pg-398-1\"  class=\"panel-grid panel-no-style\" ><div id=\"pgc-398-1-0\"  class=\"panel-grid-cell\" ><div id=\"panel-398-1-0-0\" class=\"so-panel widget widget_sow-image panel-first-child panel-last-child\" data-index=\"1\" ><div\n\t\t\t\n\t\t\tclass=\"so-widget-sow-image so-widget-sow-image-default-a258e6bfa2d8-398\"\n\t\t\t\n\t\t>\n<div class=\"sow-image-container\">\n\t\t<img \n\tsrc=\"https:\/\/wiftcanadacoalition.ca\/wp-content\/uploads\/2021\/04\/janko-ferlic-sfL_QOnmy00-unsplash-1.png\" width=\"1247\" height=\"239\" srcset=\"https:\/\/wiftcanadacoalition.ca\/wp-content\/uploads\/2021\/04\/janko-ferlic-sfL_QOnmy00-unsplash-1.png 1247w, https:\/\/wiftcanadacoalition.ca\/wp-content\/uploads\/2021\/04\/janko-ferlic-sfL_QOnmy00-unsplash-1-300x57.png 300w, https:\/\/wiftcanadacoalition.ca\/wp-content\/uploads\/2021\/04\/janko-ferlic-sfL_QOnmy00-unsplash-1-1024x196.png 1024w, https:\/\/wiftcanadacoalition.ca\/wp-content\/uploads\/2021\/04\/janko-ferlic-sfL_QOnmy00-unsplash-1-768x147.png 768w\" sizes=\"(max-width: 1247px) 100vw, 1247px\" title=\"janko-ferlic-sfL_QOnmy00-unsplash 1\" alt=\"\" \t\tclass=\"so-widget-image\"\/>\n\t<\/div>\n\n<\/div><\/div><\/div><\/div><div id=\"pg-398-2\"  class=\"panel-grid panel-has-style\" ><div class=\"shadow panel-row-style panel-row-style-for-398-2\" ><div id=\"pgc-398-2-0\"  class=\"panel-grid-cell\" ><div id=\"panel-398-2-0-0\" class=\"so-panel widget widget_sow-editor panel-first-child panel-last-child\" data-index=\"2\" ><div\n\t\t\t\n\t\t\tclass=\"so-widget-sow-editor so-widget-sow-editor-base\"\n\t\t\t\n\t\t>\n<div class=\"siteorigin-widget-tinymce textwidget\">\n\t<p><span style=\"font-size: 36px;\"><strong><span style=\"color: #c13f54;\"><b>Le projet de soins aux familles<\/b><\/span><\/strong><\/span><\/p>\n<p><strong>QUI EST RESPONSABLE?<\/strong><br \/>\n<strong>Montr\u00e9al, 12 octobre 2021 - Le Rapport sur les services de garde et de soins aux familles expose l\u2019urgence de mettre en place des conditions de travail \u00e9quilibr\u00e9es et \u00e9quitables dans l\u2019industrie de la production cin\u00e9matographique et t\u00e9l\u00e9visuelle canadienne.<\/strong><\/p>\n<p>La Coalition des femmes du cin\u00e9ma, de la t\u00e9l\u00e9vision et des m\u00e9dias num\u00e9riques du Canada (Coalition WIFT Canada) \u2013 en lien avec Reel Families for Change Canada, ont r\u00e9v\u00e9l\u00e9 les r\u00e9sultats du Projet de services de garde et de soins aux familles \u2013 une \u00e9tude pancanadienne qui vise \u00e0 mieux comprendre et quantifier les d\u00e9fis li\u00e9s \u00e0 la prise en charge des enfants et des familles en p\u00e9riode de pand\u00e9mie dans le secteur cin\u00e9matographique et t\u00e9l\u00e9visuel.<\/p>\n<p>L\u2019\u00e9tude conclut que le gouvernement f\u00e9d\u00e9ral devrait imm\u00e9diatement convoquer une table ronde de l\u2019industrie afin d\u2019entamer des discussions avec les syndicats et les employeurs quant \u00e0 la mise en \u0153uvre des changements propos\u00e9s \u00e0 la politique f\u00e9d\u00e9rale de cr\u00e9dit d\u2019imp\u00f4t sur la main-d\u2019\u0153uvre pour que celle-ci favorise la garde d\u2019enfants et les soins \u00e0 la famille, et ce, d\u2019ici 2024. En m\u00eame temps, le gouvernement, les employeurs de l\u2019industrie et les syndicats doivent imm\u00e9diatement mettre en place des conditions de travail \u00e9quilibr\u00e9es et \u00e9quitables au sein de l\u2019industrie canadienne de la production cin\u00e9matographique et t\u00e9l\u00e9visuelle.<\/p>\n<p><a href=\"https:\/\/wiftcanadacoalition.ca\/wp-content\/uploads\/2021\/10\/TFCP_WIFT_Final_French.pdf\">Cliquez sur le lien pour le rapport complet<\/a> \/ <a href=\"https:\/\/wiftcanadacoalition.ca\/wp-content\/uploads\/2021\/10\/WIFT-CC-Family-Care-press-release-Francais-.pdf\">Cliquez ici pour le communiqu\u00e9 de presse<\/a><\/p>\n<\/div>\n<\/div><\/div><\/div><\/div><\/div><div id=\"pg-398-3\"  class=\"panel-grid panel-has-style\" ><div class=\"shadow panel-row-style panel-row-style-for-398-3\" ><div id=\"pgc-398-3-0\"  class=\"panel-grid-cell\" ><div id=\"panel-398-3-0-0\" class=\"so-panel widget widget_sow-editor panel-first-child panel-last-child\" data-index=\"3\" ><div\n\t\t\t\n\t\t\tclass=\"so-widget-sow-editor so-widget-sow-editor-base\"\n\t\t\t\n\t\t>\n<div class=\"siteorigin-widget-tinymce textwidget\">\n\t<p><span style=\"color: #c13f54;\"><strong><span style=\"font-size: 36px;\"><b>D\u00e9cider de la diversit\u00e9<\/b><\/span><\/strong><\/span><\/p>\n<p>Une nouvelle e\u0301tude de la Coalition des femmes du cine\u0301ma, de la te\u0301le\u0301vision et des me\u0301dias nume\u0301riques du Canada (Coalition WIFT Canada) examine l\u2019incidence de la Covid-19 sur les efforts visant l\u2019avancement de l\u2019e\u0301quite\u0301, de la diversite\u0301 et de l\u2019inclusion dans l\u2019industrie canadienne de la production cine\u0301matographique et te\u0301le\u0301visuelle.<\/p>\n<p>L\u2019e\u0301tude <em>De\u0301cider de la Diversite\u0301 <\/em>conclut que, malgre\u0301 les occasions qu\u2019offre la Covid-19 de faire les choses diffe\u0301remment, l\u2019industrie canadienne de la production cine\u0301matographique et te\u0301le\u0301visuelle continue de se caracte\u0301riser par des relations et des re\u0301seaux marque\u0301s par l\u2019ine\u0301galite\u0301, la fermeture et l\u2019attitude de\u0301fensive et cela, au de\u0301triment des groupes en que\u0302te d\u2019e\u0301quite\u0301.<\/p>\n<p>Les auteures en sont <strong>Amanda Coles (Ph. D.)<\/strong>, de l\u2019universite\u0301 Deakin, en Australie, et <strong>Deb Verhoeven, professeure <\/strong>et titulaire de la chaire de recherche Canada 150 en genre et en informatique culturelle a\u0300 l\u2019Universite\u0301 de l\u2019Alberta.<\/p>\n<p><a href=\"https:\/\/wiftcanadacoalition.ca\/wp-content\/uploads\/2021\/10\/DOD-Report_French_September30-2021.pdf\">Cliquez sur le lien pour le rapport complet<\/a>\/ <a href=\"https:\/\/wiftcanadacoalition.ca\/wp-content\/uploads\/2021\/10\/Diversite-communique-WFTCC-20-oct.pdf\">Cliquez ici pour le communiqu\u00e9 de presse<\/a><\/p>\n<p>Visionnez\u00a0<a href=\"https:\/\/tiff.net\/events\/microsession-the-reel-truth\"><i>The Reel Truth<\/i><\/a>, discussion sur l\u2019\u00e9tude organis\u00e9e par Tiff. (Anglais seulement).<\/p>\n<\/div>\n<\/div><\/div><\/div><\/div><\/div><\/div>","protected":false},"excerpt":{"rendered":"<p>De plus en plus de preuves d\u00e9montrent que les impacts de la pand\u00e9mie de COVID-19 exacerbent les in\u00e9galit\u00e9s sociales et \u00e9conomiques pr\u00e9existantes entre les sexes et les groupes raciaux. Les donn\u00e9es indiquent que les effets du travail et de l&rsquo;apprentissage \u00e0 domicile touchent les femmes de mani\u00e8re disproportionn\u00e9e et que les profils de risques sociaux, [&hellip;]<\/p>\n","protected":false},"author":3,"featured_media":0,"parent":0,"menu_order":0,"comment_status":"closed","ping_status":"closed","template":"","meta":{"footnotes":""},"class_list":["post-398","page","type-page","status-publish","hentry"],"acf":[],"_links":{"self":[{"href":"https:\/\/wiftcanadacoalition.ca\/fr\/wp-json\/wp\/v2\/pages\/398","targetHints":{"allow":["GET"]}}],"collection":[{"href":"https:\/\/wiftcanadacoalition.ca\/fr\/wp-json\/wp\/v2\/pages"}],"about":[{"href":"https:\/\/wiftcanadacoalition.ca\/fr\/wp-json\/wp\/v2\/types\/page"}],"author":[{"embeddable":true,"href":"https:\/\/wiftcanadacoalition.ca\/fr\/wp-json\/wp\/v2\/users\/3"}],"replies":[{"embeddable":true,"href":"https:\/\/wiftcanadacoalition.ca\/fr\/wp-json\/wp\/v2\/comments?post=398"}],"version-history":[{"count":17,"href":"https:\/\/wiftcanadacoalition.ca\/fr\/wp-json\/wp\/v2\/pages\/398\/revisions"}],"predecessor-version":[{"id":1087,"href":"https:\/\/wiftcanadacoalition.ca\/fr\/wp-json\/wp\/v2\/pages\/398\/revisions\/1087"}],"wp:attachment":[{"href":"https:\/\/wiftcanadacoalition.ca\/fr\/wp-json\/wp\/v2\/media?parent=398"}],"curies":[{"name":"wp","href":"https:\/\/api.w.org\/{rel}","templated":true}]}}