{"id":503,"date":"2021-05-05T19:21:09","date_gmt":"2021-05-05T23:21:09","guid":{"rendered":"https:\/\/wiftcanadacoalition.ca\/?page_id=503"},"modified":"2021-05-11T12:17:10","modified_gmt":"2021-05-11T16:17:10","slug":"evenements","status":"publish","type":"page","link":"https:\/\/wiftcanadacoalition.ca\/fr\/evenements\/","title":{"rendered":"\u00c9v\u00e9nements"},"content":{"rendered":"<div id=\"pl-503\"  class=\"panel-layout\" ><div id=\"pg-503-0\"  class=\"panel-grid panel-has-style\" ><div class=\"full-width-bg pinched panel-row-style panel-row-style-for-503-0\" ><div id=\"pgc-503-0-0\"  class=\"panel-grid-cell\" ><div id=\"panel-503-0-0-0\" class=\"widget_text so-panel widget widget_custom_html panel-first-child panel-last-child\" data-index=\"0\" ><div class=\"textwidget custom-html-widget\"><!--no results--><\/div><\/div><\/div><\/div><\/div><div id=\"pg-503-1\"  class=\"panel-grid panel-no-style\" ><div id=\"pgc-503-1-0\"  class=\"panel-grid-cell\" ><div id=\"panel-503-1-0-0\" class=\"so-panel widget widget_sow-editor panel-first-child panel-last-child\" data-index=\"1\" ><div\n\t\t\t\n\t\t\tclass=\"so-widget-sow-editor so-widget-sow-editor-base\"\n\t\t\t\n\t\t>\n<div class=\"siteorigin-widget-tinymce textwidget\">\n\t<h1 style=\"text-align: center;\"><span class=\"weight-600\">\u00c9v\u00e9nements pass\u00e9s<\/span><\/h1>\n<div class=\"past-events-wrapper\"><div class=\"past-event\"><div class=\"date-section-1\"><div class=\"event-date\">mars 25, 2021<\/div><h3>Women in View: On Screen Report<\/h3><div class=\"thumbnail-container\"><div class=\"embed-container\"><iframe loading=\"lazy\" title=\"Women in View: On Screen Report 2020\" src=\"https:\/\/player.vimeo.com\/video\/530564779?dnt=1&amp;app_id=122963&controls=1&hd=1&autohide=1&title=0&byline=0\" width=\"640\" height=\"360\" frameborder=\"0\" allow=\"autoplay; fullscreen; picture-in-picture; clipboard-write; encrypted-media; web-share\" referrerpolicy=\"strict-origin-when-cross-origin\" frameborder=\"0\"><\/iframe><\/div><\/div><\/div><div class=\"date-section-2\"><p style=\" \">Ce webinaire a pr\u00e9sent\u00e9 les r\u00e9sultats du sixi\u00e8me On Screen Report de Women in View (WIVOS) avec les coauteures du rapport Jill Golick et Nathalie Younglai, fondatrice de BIPOC TV &amp; Film. Depuis 2012, Women in View a suivi l&rsquo;engagement des femmes sc\u00e9naristes, r\u00e9alisatrices et directrices de la photographie dans l&rsquo;industrie du cin\u00e9ma et de la t\u00e9l\u00e9vision canadienne financ\u00e9e par des fonds publics. Ces rapports ont montr\u00e9 que l\u2019industrie audiovisuelle canadienne \u00e9tait en mesure de changer. Les rapports ont saisi les statistiques depuis les premi\u00e8res ann\u00e9es de suivi des avanc\u00e9es stagnantes jusqu&rsquo;\u00e0 l&rsquo;observation des effets des engagements de l&rsquo;industrie \u00e0 faire des progr\u00e8s majeurs et \u00e0 atteindre la parit\u00e9 des sexes. Cependant, dans ce dernier rapport, lorsque l\u2019on analyse les statistiques relatives aux femmes \u00e0 travers un prisme racial, les chiffres racontent une autre histoire. Le terme g\u00e9n\u00e9rique <span>\u201cfemmes\u00a0\u00bb ne peut plus \u00eatre utilis\u00e9 pour d\u00e9signer \u00ab\u00a0toutes les femmes\u00a0\u00bb<\/span> <span>lorsque les chiffres montrent que toutes les femmes ne sont pas mises en valeur.<\/span><\/p>\n<\/div><div class=\"date-section-3\"><div class=\"moderator-panelists-control\">Mod\u00e9ratrices et pan\u00e9listes<span class=\"dashicons dashicons-controls-play\"><\/span><\/div><div class=\"the-people\"><ul class=\"event-panelists\"><h3 class=\"event-panelists\">Pan\u00e9listes de l'\u00e9v\u00e9nement<\/h3><li><div class=\"speaker-meta\"><h4>Nathalie Younglai<\/h4><\/div><div class=\"speaker-bio\"><p>Sc\u00e9nariste, r\u00e9alisatrice, provocatrice et fondatrice de BIPOC TV &amp; Film<\/p>\n<\/div><\/li><li><div class=\"speaker-meta\"><h4>Jill Golick<\/h4><\/div><div class=\"speaker-bio\"><p>Sc\u00e9nariste, \u00e9ditrice et productrice de contenu cr\u00e9atif<\/p>\n<\/div><\/li><\/ul><ul class=\"event-panelists\"><h3 class=\"event-panelists\">Mod\u00e9ratrice de l'\u00e9v\u00e9nement<\/h3><li><div class=\"speaker-meta\"><h4>Tracey Deer<\/h4><\/div><div class=\"speaker-bio\"><p>Sc\u00e9nariste, r\u00e9alisatrice et pr\u00e9sentatrice mohawk<\/p>\n<\/div><\/li><\/ul><\/div><\/div><\/div><div class=\"past-event\"><div class=\"date-section-1\"><div class=\"event-date\">mars 11, 2021<\/div><h3>Le projet de soins aux familles<\/h3><div class=\"thumbnail-container\"><div class=\"embed-container\"><a href=\"https:\/\/vimeo.com\/522819512\">https:\/\/vimeo.com\/522819512<\/a><\/div><\/div><\/div><div class=\"date-section-2\"><p>&lt;span;&gt;Ce webinaire a pr\u00e9sent\u00e9 les premiers r\u00e9sultats du Family Care Project, un projet de recherche \u00e0 court terme du WCC sur les soins aux familles et la garde d\u2019enfants. L&rsquo;enqu\u00eate a explor\u00e9 diverses initiatives de soins aux familles au sein et en dehors de l&rsquo;industrie audiovisuelle. La discussion de groupe \u00e9tait en partie bas\u00e9e sur les donn\u00e9es de la r\u00e9cente enqu\u00eate sur les femmes et les personnes aidantes dans l&rsquo;industrie. Ces r\u00e9sultats pr\u00e9liminaires constitueront la premi\u00e8re \u00e9tape d&rsquo;une analyse et d&rsquo;une \u00e9valuation plus approfondies des enjeux li\u00e9s aux soins aux familles propres \u00e0 l&rsquo;industrie audiovisuelle canadienne ainsi que des recommandations pour la d\u00e9fense des int\u00e9r\u00eats et le changement \u00e0 venir.<\/p>\n<\/div><div class=\"date-section-3\"><div class=\"moderator-panelists-control\">Mod\u00e9ratrices et pan\u00e9listes<span class=\"dashicons dashicons-controls-play\"><\/span><\/div><div class=\"the-people\"><ul class=\"event-panelists\"><h3 class=\"event-panelists\">Pan\u00e9listes de l'\u00e9v\u00e9nement<\/h3><li><div class=\"speaker-meta\"><h4>Heather McQuillan<\/h4><\/div><div class=\"speaker-bio\"><p><span>Directrice g\u00e9n\u00e9rale de Reel Families for Change Canada\u00a0<\/span><\/p>\n<\/div><\/li><li><div class=\"speaker-meta\"><h4>Kadon Douglas<\/h4><\/div><div class=\"speaker-bio\"><p>Directrice g\u00e9n\u00e9rale de BIPOC TV &amp; Film<\/p>\n<\/div><\/li><li><div class=\"speaker-meta\"><h4>Jennifer Singh<\/h4><\/div><div class=\"speaker-bio\"><p>Avocate chez McInnes Cooper<\/p>\n<\/div><\/li><\/ul><ul class=\"event-panelists\"><h3 class=\"event-panelists\">Mod\u00e9ratrice de l'\u00e9v\u00e9nement<\/h3><li><div class=\"speaker-meta\"><h4>Susan Brinton<\/h4><\/div><div class=\"speaker-bio\"><\/div><\/li><\/ul><\/div><\/div><\/div><div class=\"past-event\"><div class=\"date-section-1\"><div class=\"event-date\">f\u00e9vrier 11, 2021<\/div><h3>Rencontre Pancanadienne<\/h3><div class=\"thumbnail-container\"><div class=\"embed-container\"><a href=\"https:\/\/vimeo.com\/528718525\">https:\/\/vimeo.com\/528718525<\/a><\/div><\/div><\/div><div class=\"date-section-2\"><p><span>La deuxi\u00e8me rencontre pancanadienne avec des femmes travaillant dans le secteur de l\u2019audiovisuel. La conversation a mis en lumi\u00e8re les d\u00e9fis et les r\u00e9ussites du passage au travail \u00e0 domicile, de la recherche d&rsquo;un \u00e9quilibre entre vie professionnelle et vie priv\u00e9e et de la prise en charge de la sant\u00e9 mentale en cette p\u00e9riode de pand\u00e9mie.<\/span><\/p>\n<\/div><div class=\"date-section-3\"><div class=\"moderator-panelists-control\">Mod\u00e9ratrices et pan\u00e9listes<span class=\"dashicons dashicons-controls-play\"><\/span><\/div><div class=\"the-people\"><ul class=\"event-panelists\"><h3 class=\"event-panelists\">Mod\u00e9ratrices de l'\u00e9v\u00e9nement<\/h3><li><div class=\"speaker-meta\"><h4>Sabine Daniel<\/h4><\/div><div class=\"speaker-bio\"><p>animatrice de t\u00e9l\u00e9vision, productrice<\/p>\n<\/div><\/li><li><div class=\"speaker-meta\"><h4>Anne-Marie Mediwake<\/h4><\/div><div class=\"speaker-bio\"><p>pr\u00e9sentatrice de nouvelles t\u00e9l\u00e9vis\u00e9es<\/p>\n<\/div><\/li><\/ul><\/div><\/div><\/div><div class=\"past-event\"><div class=\"date-section-1\"><div class=\"event-date\">janvier 28, 2021<\/div><h3>#CripTheScript : <br>Handicap et inclusion au cin\u00e9ma et \u00e0 la t\u00e9l\u00e9vision<\/h3><div class=\"thumbnail-container\"><div class=\"embed-container\"><a href=\"https:\/\/vimeo.com\/528240819\">https:\/\/vimeo.com\/528240819<\/a><\/div><\/div><\/div><div class=\"date-section-2\"><p><span>#CripTheScript est un terme invent\u00e9 par Ophira Calof, cr\u00e9atrice de contenu, artiste et productrice handicap\u00e9e laur\u00e9ate de plusieurs prix. Qu&rsquo;est-ce qu\u2019il veut dire ? Il s&rsquo;agit de remettre en question, de recadrer et de r\u00e9cup\u00e9rer le langage, les syst\u00e8mes, les histoires et les sc\u00e8nes afin de placer le \u201cCrip\u201d au centre, autrement dit le handicap, les identit\u00e9s, les exp\u00e9riences et la culture. Le webinaire a examin\u00e9 les d\u00e9fis et les solutions rencontr\u00e9s par les personnes cr\u00e9atrices handicap\u00e9es sur le plateau et \u00e0 l&rsquo;\u00e9cran, et a attir\u00e9 l&rsquo;attention sur la voix unique que les artistes handicap\u00e9s apportent \u00e0 la narration.<\/span><\/p>\n<\/div><div class=\"date-section-3\"><div class=\"moderator-panelists-control\">Mod\u00e9ratrices et pan\u00e9listes<span class=\"dashicons dashicons-controls-play\"><\/span><\/div><div class=\"the-people\"><ul class=\"event-panelists\"><h3 class=\"event-panelists\">Pan\u00e9listes de l'\u00e9v\u00e9nement<\/h3><li><div class=\"speaker-meta\"><h4>Beth Deer<\/h4><\/div><div class=\"speaker-bio\"><p>Animatrice de t\u00e9l\u00e9vision<\/p>\n<\/div><\/li><li><div class=\"speaker-meta\"><h4>Ophira Calof<\/h4><\/div><div class=\"speaker-bio\"><p>Cr\u00e9atrice de contenu, artiste et productrice<\/p>\n<\/div><\/li><li><div class=\"speaker-meta\"><h4>Thurga Kanagasekirampillai<\/h4><\/div><div class=\"speaker-bio\"><p>Artiste, actrice<\/p>\n<\/div><\/li><li><div class=\"speaker-meta\"><h4>Maxime Pomerleau<\/h4><\/div><div class=\"speaker-bio\"><p>Actrice, danseuse<\/p>\n<\/div><\/li><li><div class=\"speaker-meta\"><h4>Terreane Derrick<\/h4><\/div><div class=\"speaker-bio\"><p>Cin\u00e9aste<\/p>\n<\/div><\/li><\/ul><ul class=\"event-panelists\"><h3 class=\"event-panelists\">Mod\u00e9ratrice de l'\u00e9v\u00e9nement<\/h3><li><div class=\"speaker-meta\"><h4>Holly Elissa<\/h4><\/div><div class=\"speaker-bio\"><p>Actrice, cin\u00e9aste, artiste<\/p>\n<\/div><\/li><\/ul><\/div><\/div><\/div><div class=\"past-event\"><div class=\"date-section-1\"><div class=\"event-date\">janvier 14, 2021<\/div><h3>Des vibrations positives apr\u00e8s une ann\u00e9e n\u00e9gative<\/h3><div class=\"thumbnail-container\"><div class=\"embed-container\"><iframe loading=\"lazy\" title=\"Positive Vibes from a Negative Year ENG\" src=\"https:\/\/player.vimeo.com\/video\/528188570?dnt=1&amp;app_id=122963&controls=1&hd=1&autohide=1&title=0&byline=0\" width=\"640\" height=\"360\" frameborder=\"0\" allow=\"autoplay; fullscreen; picture-in-picture\" allowfullscreen frameborder=\"0\"><\/iframe><\/div><\/div><\/div><div class=\"date-section-2\"><p>Ce webinaire a offert une discussion franche sur l\u2019actualit\u00e9 de l&rsquo;industrie, comme les changements r\u00e9cents et les d\u00e9veloppements qui ont lieu dans le paysage de l&rsquo;industrie, et sur leur impact sur les femmes en g\u00e9n\u00e9ral et plus particuli\u00e8rement sur les femmes cr\u00e9atrices d\u00e9favoris\u00e9es et sous-repr\u00e9sent\u00e9es.<\/p>\n<\/div><div class=\"date-section-3\"><div class=\"moderator-panelists-control\">Mod\u00e9ratrices et pan\u00e9listes<span class=\"dashicons dashicons-controls-play\"><\/span><\/div><div class=\"the-people\"><ul class=\"event-panelists\"><h3 class=\"event-panelists\">Pan\u00e9listes de l'\u00e9v\u00e9nement<\/h3><li><div class=\"speaker-meta\"><h4>Kathleen Beaug\u00e9<\/h4><\/div><div class=\"speaker-bio\"><p>conseill\u00e8re juridique, chef d&rsquo;\u00e9quipe juridique, administratrice du programme FMC \u00e0 T\u00e9l\u00e9film Canada, copr\u00e9sidente, Comit\u00e9 d&rsquo;action sur l&rsquo;\u00e9quit\u00e9 et la repr\u00e9sentation \u00e0 T\u00e9l\u00e9film Canada<\/p>\n<\/div><\/li><li><div class=\"speaker-meta\"><h4>Kerry Swanson<\/h4><\/div><div class=\"speaker-bio\"><p>directrice associ\u00e9e, Indigenous Screen Office<\/p>\n<\/div><\/li><li><div class=\"speaker-meta\"><h4>Joan Jenkinson<\/h4><\/div><div class=\"speaker-bio\"><p>cofondatrice et directrice g\u00e9n\u00e9rale, Black Screen Office<\/p>\n<\/div><\/li><li><div class=\"speaker-meta\"><h4>Tamara Mariam-Dawit, <\/h4><\/div><div class=\"speaker-bio\"><p>cin\u00e9aste, consultante en communaut\u00e9s sous-repr\u00e9sent\u00e9es pour le Canada anglophone, FMC<\/p>\n<\/div><\/li><\/ul><ul class=\"event-panelists\"><h3 class=\"event-panelists\">Mod\u00e9ratrice de l'\u00e9v\u00e9nement<\/h3><li><div class=\"speaker-meta\"><h4>Shana Mayra<\/h4><\/div><div class=\"speaker-bio\"><p>sc\u00e9nariste, r\u00e9alisatrice<\/p>\n<\/div><\/li><\/ul><\/div><\/div><\/div><div class=\"past-event\"><div class=\"date-section-1\"><div class=\"event-date\">D\u00e9cembre 8, 2020<\/div><h3>D\u00e9coloniser le plateau de tournage<\/h3><div class=\"thumbnail-container\"><div class=\"embed-container\"><iframe loading=\"lazy\" title=\"Decolonizing a Film Set (CC)\" src=\"https:\/\/player.vimeo.com\/video\/527713782?dnt=1&amp;app_id=122963&controls=1&hd=1&autohide=1&title=0&byline=0\" width=\"640\" height=\"360\" frameborder=\"0\" allow=\"autoplay; fullscreen; picture-in-picture\" allowfullscreen frameborder=\"0\"><\/iframe><\/div><\/div><\/div><div class=\"date-section-2\"><p>Ce webinaire a r\u00e9uni trois cin\u00e9astes autochtones pour discuter du d\u00e9mant\u00e8lement des syst\u00e8mes coloniaux et racistes dans notre industrie.<\/p>\n<\/div><div class=\"date-section-3\"><div class=\"moderator-panelists-control\">Mod\u00e9ratrices et pan\u00e9listes<span class=\"dashicons dashicons-controls-play\"><\/span><\/div><div class=\"the-people\"><ul class=\"event-panelists\"><h3 class=\"event-panelists\">Pan\u00e9listes de l'\u00e9v\u00e9nement<\/h3><li><div class=\"speaker-meta\"><h4>Joyce Delaronde<\/h4><\/div><div class=\"speaker-bio\"><p>sc\u00e9nariste, r\u00e9alisatrice, artiste<\/p>\n<\/div><\/li><li><div class=\"speaker-meta\"><h4>Sonya Ballantyne<\/h4><\/div><div class=\"speaker-bio\"><p>sc\u00e9nariste, r\u00e9alisatrice<\/p>\n<\/div><\/li><li><div class=\"speaker-meta\"><h4>JJ Neepin<\/h4><\/div><div class=\"speaker-bio\"><p>sc\u00e9nariste, r\u00e9alisatrice<\/p>\n<\/div><\/li><\/ul><ul class=\"event-panelists\"><h3 class=\"event-panelists\">Mod\u00e9ratrice de l'\u00e9v\u00e9nement<\/h3><li><div class=\"speaker-meta\"><h4>Adeline Bird<\/h4><\/div><div class=\"speaker-bio\"><p>cr\u00e9atrice de contenu, r\u00e9alisatrice, productrice<\/p>\n<\/div><\/li><\/ul><\/div><\/div><\/div><\/div><div class=\"nav-links event-nav-links\"><span aria-current=\"page\" class=\"page-numbers current\">1<\/span>\n<span class=\"page-numbers dots\">&hellip;<\/span>\n<a class=\"page-numbers\" href=\"https:\/\/wiftcanadacoalition.ca\/fr\/wp-json\/wp\/v2\/pages\/503\/page\/3\/\">3<\/a>\n<a class=\"next page-numbers\" href=\"https:\/\/wiftcanadacoalition.ca\/fr\/wp-json\/wp\/v2\/pages\/503\/page\/2\/\">Page suivante <i><\/i><\/a><\/div>\n<\/div>\n<\/div><\/div><\/div><\/div><\/div>","protected":false},"excerpt":{"rendered":"<p>\u00c9v\u00e9nements pass\u00e9s<\/p>\n","protected":false},"author":3,"featured_media":0,"parent":0,"menu_order":0,"comment_status":"closed","ping_status":"closed","template":"","meta":{"footnotes":""},"class_list":["post-503","page","type-page","status-publish","hentry"],"acf":[],"_links":{"self":[{"href":"https:\/\/wiftcanadacoalition.ca\/fr\/wp-json\/wp\/v2\/pages\/503","targetHints":{"allow":["GET"]}}],"collection":[{"href":"https:\/\/wiftcanadacoalition.ca\/fr\/wp-json\/wp\/v2\/pages"}],"about":[{"href":"https:\/\/wiftcanadacoalition.ca\/fr\/wp-json\/wp\/v2\/types\/page"}],"author":[{"embeddable":true,"href":"https:\/\/wiftcanadacoalition.ca\/fr\/wp-json\/wp\/v2\/users\/3"}],"replies":[{"embeddable":true,"href":"https:\/\/wiftcanadacoalition.ca\/fr\/wp-json\/wp\/v2\/comments?post=503"}],"version-history":[{"count":10,"href":"https:\/\/wiftcanadacoalition.ca\/fr\/wp-json\/wp\/v2\/pages\/503\/revisions"}],"predecessor-version":[{"id":819,"href":"https:\/\/wiftcanadacoalition.ca\/fr\/wp-json\/wp\/v2\/pages\/503\/revisions\/819"}],"wp:attachment":[{"href":"https:\/\/wiftcanadacoalition.ca\/fr\/wp-json\/wp\/v2\/media?parent=503"}],"curies":[{"name":"wp","href":"https:\/\/api.w.org\/{rel}","templated":true}]}}