{"id":513,"date":"2021-04-23T15:16:00","date_gmt":"2021-04-23T19:16:00","guid":{"rendered":"https:\/\/wiftcanadacoalition.ca\/terms-and-conditions\/"},"modified":"2021-05-19T13:37:48","modified_gmt":"2021-05-19T17:37:48","slug":"terms-and-conditions","status":"publish","type":"page","link":"https:\/\/wiftcanadacoalition.ca\/fr\/terms-and-conditions\/","title":{"rendered":"Conditions d\u2019utilisation"},"content":{"rendered":"<p><span style=\"font-weight: 400;\">Derni\u00e8re mise \u00e0 jour\u00a0: <\/span><span style=\"font-weight: 400;\">23 avril 2021<\/span><\/p>\n<p><span style=\"font-weight: 400;\">Veuillez lire attentivement les pr\u00e9sentes conditions d\u2019utilisation avant d\u2019utiliser notre service.<\/span><\/p>\n<h1><span style=\"font-weight: 400;\">Interpr\u00e9tation et d\u00e9finitions<\/span><\/h1>\n<h2><span style=\"font-weight: 400;\">Interpr\u00e9tation<\/span><\/h2>\n<p><span style=\"font-weight: 400;\">Les mots dont la lettre initiale est en majuscule ont des significations d\u00e9finies dans les conditions suivantes. Les d\u00e9finitions suivantes ont la m\u00eame signification, qu&rsquo;elles apparaissent au singulier ou au pluriel.<\/span><\/p>\n<h2><span style=\"font-weight: 400;\">D\u00e9finitions<\/span><\/h2>\n<p><span style=\"font-weight: 400;\">Aux fins de ces<\/span><span style=\"font-weight: 400;\"> conditions d\u2019utilisation:<\/span><\/p>\n<ul>\n<li style=\"font-weight: 400;\" aria-level=\"1\"><span style=\"font-weight: 400;\"><strong>Appareil<\/strong>\u00a0d\u00e9signe tout appareil pouvant acc\u00e9der au service, tel qu\u2019un ordinateur, un t\u00e9l\u00e9phone mobile ou une tablette num\u00e9rique.<\/span><\/li>\n<li style=\"font-weight: 400;\" aria-level=\"1\"><span style=\"font-weight: 400;\"><strong>Commentaires\u00a0s\u2019entend des commentaires<\/strong>, innovations ou suggestions que vous envoyez au sujet des caract\u00e9ristiques, des performances ou des fonctionnalit\u00e9s de notre service.<\/span><\/li>\n<li style=\"font-weight: 400;\" aria-level=\"1\"><span style=\"font-weight: 400;\"><strong>Conditions d\u2019utilisation\u00a0<\/strong>(ou \u00ab\u2009conditions\u2009\u00bb) d\u00e9signe les pr\u00e9sentes conditions d\u2019utilisation, qui constituent l\u2019int\u00e9gralit\u00e9 de l\u2019accord entre vous et la soci\u00e9t\u00e9 concernant l\u2019utilisation du service.<\/span><\/li>\n<li style=\"font-weight: 400;\" aria-level=\"1\"><span style=\"font-weight: 400;\"><strong>Entreprise<\/strong> li\u00e9e\u00a0d\u00e9signe une entreprise qui contr\u00f4le une autre entit\u00e9, est contr\u00f4l\u00e9e par celle-ci ou est plac\u00e9e sous le contr\u00f4le de la m\u00eame partie que l\u2019autre entit\u00e9, et \u00ab\u2009contr\u00f4le\u2009\u00bb s\u2019entend de la propri\u00e9t\u00e9 de 50\u00a0% ou plus des actions, des titres de participation ou des autres titres donnant droit de vote pour l\u2019\u00e9lection des administrateurs ou d\u2019une autre autorit\u00e9 de gestion.<\/span><\/li>\n<li style=\"font-weight: 400;\" aria-level=\"1\"><span style=\"font-weight: 400;\"><strong>Pays r\u00e9f\u00e8re \u00e0<\/strong>:<\/span><span style=\"font-weight: 400;\"> Ontario,<\/span><span style=\"font-weight: 400;\"> Canada<\/span><\/li>\n<li style=\"font-weight: 400;\" aria-level=\"1\"><span style=\"font-weight: 400;\"><strong>Service<\/strong>\u00a0r\u00e9f\u00e8re au site Web.<\/span><\/li>\n<li style=\"font-weight: 400;\" aria-level=\"1\"><span style=\"font-weight: 400;\"><strong>Service de m\u00e9dias sociaux tiers<\/strong><\/span><b>\u00a0<\/b><span style=\"font-weight: 400;\">d\u00e9signe tout service ou contenu (y compris les donn\u00e9es, informations, produits ou services) fourni par un tiers qui peut \u00eatre affich\u00e9, fourni ou mis \u00e0 disposition par le service.<\/span><\/li>\n<li style=\"font-weight: 400;\" aria-level=\"1\"><strong>Site Web<\/strong><b>\u00a0<\/b><span style=\"font-weight: 400;\">r\u00e9f\u00e8re \u00e0<\/span><span style=\"font-weight: 400;\"> WIFT Canada Coalition,<\/span><span style=\"font-weight: 400;\"> accessible au\u00a0<\/span><a href=\"http:\/\/wiftcanadacoalition.ca\"><span style=\"font-weight: 400;\">http:\/\/wiftcanadacoalition.ca<\/span><\/a><\/li>\n<li style=\"font-weight: 400;\" aria-level=\"1\"><span style=\"font-weight: 400;\"><strong>Soci\u00e9t\u00e9<\/strong> (d\u00e9sign\u00e9e par les termes \u00ab\u00a0la soci\u00e9t\u00e9\u00a0\u00bb, \u00ab\u00a0nous\u00a0\u00bb, \u00ab\u00a0notre\u00a0\u00bb ou \u00ab\u00a0nos\u00a0\u00bb dans le pr\u00e9sent accord) r\u00e9f\u00e8re \u00e0<\/span> <span style=\"font-weight: 400;\">la Coalition WIFT Canada, 110 Eglinton Avenue East, Suite 601, Toronto, Ontario, M4P 2Y1.<\/span><\/li>\n<li style=\"font-weight: 400;\" aria-level=\"1\"><span style=\"font-weight: 400;\"><strong>Vous<\/strong>\u00a0d\u00e9signe la personne physique qui acc\u00e8de au service ou utilise celui-ci, ou la personne morale ou autre entit\u00e9 juridique au nom de laquelle cette personne physique acc\u00e8de au service ou utilise celui-ci, selon le cas.\u00a0<\/span><\/li>\n<\/ul>\n<h1><span style=\"font-weight: 400;\">Reconnaissance<\/span><\/h1>\n<p><span style=\"font-weight: 400;\">Les pr\u00e9sentes conditions d\u2019utilisation r\u00e9gissent l\u2019utilisation du service et repr\u00e9sentent l\u2019accord qui intervient entre vous et la soci\u00e9t\u00e9. Les pr\u00e9sentes conditions d\u2019utilisation \u00e9noncent les droits et les obligations de tous les utilisateurs en ce qui concerne l\u2019utilisation du service.<\/span><\/p>\n<p><span style=\"font-weight: 400;\">Votre droit d\u2019acc\u00e9der au service et d\u2019utiliser celui-ci est conditionnel \u00e0 l\u2019acceptation et au respect des pr\u00e9sentes conditions d\u2019utilisation. Les pr\u00e9sentes conditions d\u2019utilisation s\u2019appliquent \u00e0 tous les visiteurs et utilisateurs du service ainsi qu\u2019\u00e0 toute autre personne qui acc\u00e8de au service ou utilise celui-ci.<\/span><\/p>\n<p><span style=\"font-weight: 400;\">En acc\u00e9dant au service ou en utilisant celui-ci, vous acceptez d\u2019\u00eatre li\u00e9 par les pr\u00e9sentes conditions d\u2019utilisation. Si vous n\u2019\u00eates pas d\u2019accord avec toute partie des pr\u00e9sentes conditions d\u2019utilisation, vous n\u2019\u00eates pas autoris\u00e9 \u00e0 acc\u00e9der au service.<\/span><\/p>\n<p><span style=\"font-weight: 400;\">Vous d\u00e9clarez \u00eatre \u00e2g\u00e9 de plus de 18 ans. La soci\u00e9t\u00e9 n\u2019autorise pas les personnes de moins de 18\u00a0ans \u00e0 utiliser le service.<\/span><\/p>\n<p><span style=\"font-weight: 400;\">Votre droit d\u2019acc\u00e9der au service et d\u2019utiliser celui-ci est \u00e9galement conditionnel \u00e0 l\u2019acceptation et au respect de la politique de protection des renseignements personnels de la soci\u00e9t\u00e9. Celle-ci d\u00e9crit nos politiques et proc\u00e9dures relatives \u00e0 la collecte, \u00e0 l\u2019utilisation et \u00e0 la communication de vos renseignements personnels lorsque vous utilisez l\u2019application ou le site Web et vous informe de vos droits en mati\u00e8re de protection des renseignements personnels et de la mani\u00e8re dont la loi vous prot\u00e8ge \u00e0 cet \u00e9gard. Veuillez lire attentivement notre politique de protection des renseignements personnels avant d\u2019utiliser notre service.<\/span><\/p>\n<h2><span style=\"font-weight: 400;\">Propri\u00e9t\u00e9 intellectuelle<\/span><\/h2>\n<p><span style=\"font-weight: 400;\">Le service et son contenu d\u2019origine (\u00e0 l\u2019exclusion du contenu fourni par vous ou d\u2019autres utilisateurs), ses caract\u00e9ristiques et ses fonctionnalit\u00e9s sont et demeureront la propri\u00e9t\u00e9 exclusive de la soci\u00e9t\u00e9 et de ses conc\u00e9dants de licence.<\/span><\/p>\n<p><span style=\"font-weight: 400;\">Le service est prot\u00e9g\u00e9 par les lois sur le droit d\u2019auteur, les lois sur les marques de commerce et d\u2019autres lois du pays et des pays \u00e9trangers.\u00a0<\/span><\/p>\n<p><span style=\"font-weight: 400;\">Nos marques de commerce et nos habillages commerciaux ne peuvent \u00eatre utilis\u00e9s en rapport avec un produit ou un service sans le consentement \u00e9crit pr\u00e9alable de la soci\u00e9t\u00e9.\u00a0<\/span><\/p>\n<h2><span style=\"font-weight: 400;\">Vos commentaires<\/span><\/h2>\n<p><span style=\"font-weight: 400;\">Vous c\u00e9dez tous les droits, titres et int\u00e9r\u00eats \u00e0 l\u2019\u00e9gard des commentaires que vous soumettez \u00e0 la soci\u00e9t\u00e9. Si, pour quelque raison que ce soit, une telle cession est inex\u00e9cutoire, vous accordez \u00e0 la soci\u00e9t\u00e9 une licence non exclusive, perp\u00e9tuelle, irr\u00e9vocable, libre de redevances et mondiale l\u2019autorisant \u00e0 utiliser, reproduire, d\u00e9voiler, conc\u00e9der par sous-licence, diffuser, modifier et exploiter sans restriction lesdits commentaires.<\/span><\/p>\n<h1><span style=\"font-weight: 400;\">Liens vers d\u2019autres sites Web<\/span><\/h1>\n<p><span style=\"font-weight: 400;\">Notre service peut contenir des liens vers des sites Web ou services tiers qui ne sont pas d\u00e9tenus ou contr\u00f4l\u00e9s par la soci\u00e9t\u00e9.<\/span><\/p>\n<p><span style=\"font-weight: 400;\">La soci\u00e9t\u00e9 n\u2019a aucun contr\u00f4le sur le contenu, les politiques de protection des renseignements personnels et les pratiques des sites Web ou services tiers et n\u2019assume aucune responsabilit\u00e9 \u00e0 cet \u00e9gard. Vous reconnaissez et convenez en outre que la soci\u00e9t\u00e9 n\u2019engage aucune responsabilit\u00e9 ni obligation, directement ou indirectement, quant aux dommages ou pertes, r\u00e9els ou all\u00e9gu\u00e9s, caus\u00e9s directement ou indirectement par l\u2019utilisation du contenu, des produits ou des services mis \u00e0 disposition sur ou via ces sites Web ou services tiers ou par la confiance accord\u00e9e \u00e0 ceux-ci.<\/span><\/p>\n<p><span style=\"font-weight: 400;\">Nous vous conseillons vivement de lire les conditions d\u2019utilisation et les politiques de protection des renseignements personnels des sites Web ou services tiers que vous visitez.<\/span><\/p>\n<h2><span style=\"font-weight: 400;\">R\u00e9siliation<\/span><\/h2>\n<p><span style=\"font-weight: 400;\">Nous pouvons annuler ou suspendre votre compte imm\u00e9diatement, sans pr\u00e9avis ni responsabilit\u00e9, pour quelque raison que ce soit, y compris, mais sans limitation, si vous contrevenez aux pr\u00e9sentes conditions d\u2019utilisation.<\/span><\/p>\n<p><span style=\"font-weight: 400;\">En cas de r\u00e9siliation, votre droit d\u2019utiliser le service prendra fin imm\u00e9diatement. Si vous souhaitez r\u00e9silier votre compte, vous pouvez simplement cesser d\u2019utiliser le service.<\/span><\/p>\n<h2><span style=\"font-weight: 400;\">Limitation de responsabilit\u00e9<\/span><\/h2>\n<p><span style=\"font-weight: 400;\">Nonobstant tout dommage que vous pourriez subir, la responsabilit\u00e9 totale de la soci\u00e9t\u00e9 et de ses fournisseurs en vertu de toute disposition des pr\u00e9sentes conditions et votre recours exclusif pour tout ce qui pr\u00e9c\u00e8de seront limit\u00e9s \u00e0 la somme r\u00e9ellement pay\u00e9e par vous via le service ou \u00e0 100\u00a0USD si vous n\u2019avez rien achet\u00e9 via le service.<\/span><\/p>\n<p><span style=\"font-weight: 400;\">Dans la mesure maximale permise par la loi applicable, la soci\u00e9t\u00e9 ou ses fournisseurs ne peuvent en aucun cas \u00eatre tenus responsables de dommages sp\u00e9ciaux, accessoires, indirects ou cons\u00e9cutifs quels qu\u2019ils soient (y compris, mais sans s\u2019y limiter, les dommages pour perte de profits, perte de donn\u00e9es ou d\u2019autres informations, interruption d\u2019exploitation, pr\u00e9judice corporel ou atteinte \u00e0 la vie priv\u00e9e subis \u00e0 l\u2019occasion ou en raison de l\u2019utilisation ou de l\u2019impossibilit\u00e9 d\u2019utilisation du service, de logiciels tiers ou de mat\u00e9riel tiers utilis\u00e9s avec le service, ou se rapportant autrement \u00e0 toute disposition des pr\u00e9sentes conditions), m\u00eame si la soci\u00e9t\u00e9 ou tout fournisseur a \u00e9t\u00e9 inform\u00e9 de la possibilit\u00e9 de tels dommages et m\u00eame si le recours n\u2019atteint pas son but premier.<\/span><\/p>\n<p><span style=\"font-weight: 400;\">Certains \u00e9tats n\u2019autorisent pas l\u2019exclusion des garanties implicites ou la limitation de la responsabilit\u00e9 pour les dommages accessoires ou cons\u00e9cutifs, ce qui signifie que certaines des limitations \u00e9nonc\u00e9es ci-dessus peuvent ne pas s\u2019appliquer. Dans ces \u00e9tats, la responsabilit\u00e9 de chaque partie sera limit\u00e9e dans la plus grande mesure permise par la loi.\u00a0<\/span><\/p>\n<h1><span style=\"font-weight: 400;\">Avertissement \u00ab\u2009EN L\u2019\u00c9TAT\u2009\u00bb et \u00ab\u2009SELON LA DISPONIBILIT\u00c9\u2009\u00bb<\/span><\/h1>\n<p><span style=\"font-weight: 400;\">Le service vous est fourni \u00ab\u2009EN L\u2019\u00c9TAT\u2009\u00bb et \u00ab\u2009SELON SA DISPONIBILIT\u00c9\u2009\u00bb, avec tous ses d\u00e9fauts et toutes ses anomalies, et sans garantie de quelque nature que ce soit. Dans les limites permises par la loi applicable, la soci\u00e9t\u00e9, en son nom et au nom de ses entreprises li\u00e9es, de ses conc\u00e9dants de licence et de ses fournisseurs de services, ainsi qu\u2019au nom de ceux de ses entreprises li\u00e9es, exclut express\u00e9ment toutes les garanties, expresses, implicites, l\u00e9gales et autres, \u00e0 l\u2019\u00e9gard du service, y compris toutes les garanties implicites de qualit\u00e9 marchande, d\u2019ad\u00e9quation \u00e0 un usage particulier, de titre et de non-contrefa\u00e7on, ainsi que les garanties pouvant s\u2019inf\u00e9rer des habitudes commerciales \u00e9tablies, des modalit\u00e9s d\u2019ex\u00e9cution, de l\u2019usage ou des pratiques commerciales. Sans limiter la port\u00e9e de ce qui pr\u00e9c\u00e8de, la soci\u00e9t\u00e9 ne fournit aucune garantie, ne prend aucun engagement et ne fait aucune d\u00e9claration, de quelque nature que ce soit, stipulant que le service r\u00e9pondra \u00e0 vos exigences, produira les r\u00e9sultats escompt\u00e9s, sera compatible ou fonctionnera avec quelque autre logiciel, application, syst\u00e8me ou service que ce soit, fonctionnera sans interruption, satisfera \u00e0 toute norme de performance ou de fiabilit\u00e9 ou sera exempt d\u2019erreurs, ou que les erreurs ou d\u00e9fauts pourront \u00eatre corrig\u00e9s ou le seront.<\/span><\/p>\n<p><span style=\"font-weight: 400;\">Sans limiter la port\u00e9e de ce qui pr\u00e9c\u00e8de, la soci\u00e9t\u00e9 et ses fournisseurs ne font aucune d\u00e9claration et ne fournissent aucune garantie de quelque nature que ce soit, expresse ou implicite (i) quant au fonctionnement ou \u00e0 la disponibilit\u00e9 du service, ou aux informations, contenus, mat\u00e9riels et produits qui y sont inclus; (ii) selon laquelle le service sera ininterrompu ou exempt d\u2019erreurs; (iii) quant \u00e0 l\u2019exactitude, \u00e0 la fiabilit\u00e9 ou \u00e0 l\u2019actualit\u00e9 des informations et contenus fournis via le service; (iv) selon laquelle le service, ses serveurs, le contenu ou les courriels envoy\u00e9s par la soci\u00e9t\u00e9 ou en son nom seront exempts de virus, de scripts, de chevaux de Troie, de vers, de logiciels malveillants, de bombes \u00e0 retardement ou d\u2019autres composants nuisibles.<\/span><\/p>\n<p><span style=\"font-weight: 400;\">Certains territoires n\u2019autorisent pas l\u2019exclusion de certains types de garanties ou la limitation des droits que la loi accorde aux consommateurs, ce qui signifie que certaines ou la totalit\u00e9 des exclusions et des limitations \u00e9nonc\u00e9es ci-dessus peuvent ne pas s\u2019appliquer \u00e0 vous. Dans ce cas, les exclusions et les limitations \u00e9nonc\u00e9es dans le pr\u00e9sent article doivent toutefois \u00eatre appliqu\u00e9es dans la plus large mesure possible en vertu de la loi applicable.<\/span><\/p>\n<h1><span style=\"font-weight: 400;\">Loi applicable<\/span><\/h1>\n<p><span style=\"font-weight: 400;\">Les lois du pays, \u00e0 l\u2019exclusion de ses r\u00e8gles en mati\u00e8re de conflits de lois, r\u00e9gissent les pr\u00e9sentes conditions et votre utilisation du service. Votre utilisation de l\u2019application ou du site Web peut \u00e9galement \u00eatre soumise \u00e0 d\u2019autres lois locales, \u00e9tatiques, nationales ou internationales.\u00a0<\/span><\/p>\n<h1><span style=\"font-weight: 400;\">R\u00e9solution des diff\u00e9rends<\/span><\/h1>\n<p><span style=\"font-weight: 400;\">Si vous avez des pr\u00e9occupations ou un diff\u00e9rend concernant le service, vous acceptez de tenter d\u2019abord de r\u00e9soudre le diff\u00e9rend de fa\u00e7on informelle en communiquant avec la soci\u00e9t\u00e9.<\/span><\/p>\n<h1><span style=\"font-weight: 400;\">Pour les utilisateurs de l\u2019Union europ\u00e9enne (UE)<\/span><\/h1>\n<p><span style=\"font-weight: 400;\">Si vous \u00eates un consommateur de l\u2019Union europ\u00e9enne, vous b\u00e9n\u00e9ficierez de toutes les dispositions obligatoires de la loi du pays dans lequel vous r\u00e9sidez.<\/span><\/p>\n<h1><span style=\"font-weight: 400;\">Respect des lois des \u00c9tats-Unis<\/span><\/h1>\n<p><span style=\"font-weight: 400;\">Vous d\u00e9clarez et garantissez que (i) vous n\u2019\u00eates pas situ\u00e9 dans un pays soumis \u00e0 l\u2019embargo du gouvernement des \u00c9tats-Unis ou qui a \u00e9t\u00e9 d\u00e9sign\u00e9 par le gouvernement des \u00c9tats-Unis comme un pays \u00ab\u2009soutenant les terroristes\u2009\u00bb et que (ii) vous ne figurez sur aucune liste de parties assujetties \u00e0 une interdiction ou \u00e0 des restrictions du gouvernement des \u00c9tats-Unis.<\/span><\/p>\n<h1><span style=\"font-weight: 400;\">Divisibilit\u00e9 et renonciation<\/span><\/h1>\n<h2><span style=\"font-weight: 400;\">Divisibilit\u00e9<\/span><\/h2>\n<p><span style=\"font-weight: 400;\">Si une disposition des pr\u00e9sentes conditions est jug\u00e9e inapplicable ou invalide, cette disposition sera modifi\u00e9e et interpr\u00e9t\u00e9e de fa\u00e7on \u00e0 atteindre ses objectifs dans la plus large mesure possible en vertu de la loi applicable et les autres dispositions demeureront pleinement en vigueur.<\/span><\/p>\n<h2><span style=\"font-weight: 400;\">Renonciation<\/span><\/h2>\n<p><span style=\"font-weight: 400;\">Sauf disposition contraire des pr\u00e9sentes, l\u2019omission d\u2019exercer un droit ou d\u2019exiger l\u2019ex\u00e9cution d\u2019une obligation en vertu des pr\u00e9sentes conditions n\u2019a aucune incidence sur la capacit\u00e9 d\u2019une partie d\u2019exercer ledit droit ou d\u2019exiger l\u2019ex\u00e9cution de ladite obligation \u00e0 tout moment par la suite, et la renonciation \u00e0 un manquement ne constitue pas une renonciation \u00e0 tout manquement ult\u00e9rieur.<\/span><\/p>\n<h1><span style=\"font-weight: 400;\">Interpr\u00e9tation de la traduction<\/span><\/h1>\n<p><span style=\"font-weight: 400;\">Les pr\u00e9sentes conditions d\u2019utilisation peuvent avoir \u00e9t\u00e9 traduites si nous les avons mises \u00e0 votre disposition sur notre service. Vous convenez que le texte original en anglais pr\u00e9vaudra en cas de diff\u00e9rend.<\/span><\/p>\n<h1><span style=\"font-weight: 400;\">Modification des conditions d\u2019utilisation<\/span><\/h1>\n<p><span style=\"font-weight: 400;\">Nous nous r\u00e9servons le droit, \u00e0 notre seule discr\u00e9tion, de modifier ou de remplacer \u00e0 tout moment les pr\u00e9sentes conditions. En cas de r\u00e9vision importante, nous ferons des efforts raisonnables pour fournir un pr\u00e9avis d\u2019au moins trente jours avant l\u2019entr\u00e9e en vigueur de toute nouvelle condition. Ce qui constitue un changement important sera d\u00e9termin\u00e9 \u00e0 notre seule discr\u00e9tion.<\/span><\/p>\n<p><span style=\"font-weight: 400;\">En continuant \u00e0 acc\u00e9der \u00e0 notre service ou \u00e0 utiliser celui-ci apr\u00e8s l\u2019entr\u00e9e en vigueur des modifications, vous acceptez d\u2019\u00eatre li\u00e9 par les conditions modifi\u00e9es. Si vous n\u2019\u00eates pas d\u2019accord avec les nouvelles conditions, en tout ou en partie, veuillez cesser d\u2019utiliser le site Web et le service.<\/span><\/p>\n<h1><span style=\"font-weight: 400;\">Nous contacter<\/span><\/h1>\n<p><span style=\"font-weight: 400;\">Si vous avez des questions concernant les pr\u00e9sentes conditions d\u2019utilisation, vous pouvez nous contacter\u00a0<\/span><\/p>\n<ul>\n<li><span style=\"font-weight: 400;\">par courriel<\/span><span style=\"font-weight: 400;\"> : <\/span><a href=\"mailto:info@wiftcanadacoalition.ca\"><span style=\"font-weight: 400;\">info@wiftcanadacoalition.ca<\/span><\/a><\/li>\n<\/ul>\n","protected":false},"excerpt":{"rendered":"<p>Derni\u00e8re mise \u00e0 jour\u00a0: 23 avril 2021 Veuillez lire attentivement les pr\u00e9sentes conditions d\u2019utilisation avant d\u2019utiliser notre service. Interpr\u00e9tation et d\u00e9finitions Interpr\u00e9tation Les mots dont la lettre initiale est en majuscule ont des significations d\u00e9finies dans les conditions suivantes. Les d\u00e9finitions suivantes ont la m\u00eame signification, qu&rsquo;elles apparaissent au singulier ou au pluriel. D\u00e9finitions Aux [&hellip;]<\/p>\n","protected":false},"author":3,"featured_media":0,"parent":0,"menu_order":0,"comment_status":"closed","ping_status":"closed","template":"","meta":{"footnotes":""},"class_list":["post-513","page","type-page","status-publish","hentry"],"acf":[],"_links":{"self":[{"href":"https:\/\/wiftcanadacoalition.ca\/fr\/wp-json\/wp\/v2\/pages\/513","targetHints":{"allow":["GET"]}}],"collection":[{"href":"https:\/\/wiftcanadacoalition.ca\/fr\/wp-json\/wp\/v2\/pages"}],"about":[{"href":"https:\/\/wiftcanadacoalition.ca\/fr\/wp-json\/wp\/v2\/types\/page"}],"author":[{"embeddable":true,"href":"https:\/\/wiftcanadacoalition.ca\/fr\/wp-json\/wp\/v2\/users\/3"}],"replies":[{"embeddable":true,"href":"https:\/\/wiftcanadacoalition.ca\/fr\/wp-json\/wp\/v2\/comments?post=513"}],"version-history":[{"count":3,"href":"https:\/\/wiftcanadacoalition.ca\/fr\/wp-json\/wp\/v2\/pages\/513\/revisions"}],"predecessor-version":[{"id":827,"href":"https:\/\/wiftcanadacoalition.ca\/fr\/wp-json\/wp\/v2\/pages\/513\/revisions\/827"}],"wp:attachment":[{"href":"https:\/\/wiftcanadacoalition.ca\/fr\/wp-json\/wp\/v2\/media?parent=513"}],"curies":[{"name":"wp","href":"https:\/\/api.w.org\/{rel}","templated":true}]}}