{"id":807,"date":"2021-03-30T12:18:59","date_gmt":"2021-03-30T16:18:59","guid":{"rendered":"https:\/\/wiftcanadacoalition.ca\/home-page\/"},"modified":"2021-10-27T12:58:21","modified_gmt":"2021-10-27T16:58:21","slug":"home-page","status":"publish","type":"page","link":"https:\/\/wiftcanadacoalition.ca\/fr\/","title":{"rendered":"Page d\u2019accueil"},"content":{"rendered":"<div id=\"pl-807\"  class=\"panel-layout\" ><div id=\"pg-807-0\"  class=\"panel-grid panel-no-style\" ><div id=\"pgc-807-0-0\"  class=\"panel-grid-cell\" ><div id=\"panel-807-0-0-0\" class=\"so-panel widget widget_sow-image panel-first-child panel-last-child\" data-index=\"0\" ><div\n\t\t\t\n\t\t\tclass=\"so-widget-sow-image so-widget-sow-image-default-c67d20f9f743-807\"\n\t\t\t\n\t\t>\n<div class=\"sow-image-container\">\n\t\t<img \n\tsrc=\"https:\/\/wiftcanadacoalition.ca\/wp-content\/uploads\/2021\/05\/WCC-BI-CLR-BLACK.svg\" width=\"1107.8\" height=\"181\" sizes=\"(max-width: 1107px) 100vw, 1107px\" title=\"WCC BI CLR BLACK\" alt=\"Women in Film and Television Canada Coalition Logo\" \t\tclass=\"so-widget-image\"\/>\n\t<\/div>\n\n<\/div><\/div><\/div><\/div><div id=\"pg-807-1\"  class=\"panel-grid panel-has-style\" ><div class=\"pinched panel-row-style panel-row-style-for-807-1\" ><div id=\"pgc-807-1-0\"  class=\"panel-grid-cell\" ><div id=\"panel-807-1-0-0\" class=\"so-panel widget widget_sow-editor panel-first-child panel-last-child\" data-index=\"1\" ><div\n\t\t\t\n\t\t\tclass=\"so-widget-sow-editor so-widget-sow-editor-base\"\n\t\t\t\n\t\t>\n<div class=\"siteorigin-widget-tinymce textwidget\">\n\t<p style=\"text-align: center;\"><span style=\"font-size: 22px;\"><strong>La Coalition WIFT Canada est un groupe dynamique de sections autonomes de WIFT \u00e0 travers le pays comprenant WIFT Atlantic, FCTMN Qu\u00e9bec, WIFT Toronto, WIFT Alberta et WIFT Vancouver ainsi que Women in View.\u00a0 Conscientes de l'influence et du pouvoir du nombre, ces six organisations se sont rassembl\u00e9es pour former une force active du changement. <\/strong><\/span><\/p>\n<\/div>\n<\/div><\/div><\/div><\/div><\/div><div id=\"pg-807-2\"  class=\"panel-grid panel-has-style\" ><div class=\"full-width-bg accent-color-background header-footer-padding panel-row-style panel-row-style-for-807-2\" ><div id=\"pgc-807-2-0\"  class=\"panel-grid-cell\" ><div id=\"panel-807-2-0-0\" class=\"so-panel widget widget_sow-editor panel-first-child panel-last-child\" data-index=\"2\" ><div\n\t\t\t\n\t\t\tclass=\"so-widget-sow-editor so-widget-sow-editor-base\"\n\t\t\t\n\t\t>\n<div class=\"siteorigin-widget-tinymce textwidget\">\n\t<p style=\"text-align: center;\"><strong><span style=\"font-size: 32px;\">\u00a0La Coalition s\u2019engage \u00e0 \u00e9tudier les enjeux, \u00e0 remettre en question le statu quo et \u00e0 d\u00e9fendre les initiatives qui contribuent \u00e0 un environnement \u00e9quitable et s\u00e9curitaire pour toutes les femmes et les personnes de divers genres dans l\u2019industrie audiovisuelle canadienne.<\/span><\/strong><\/p>\n<\/div>\n<\/div><\/div><\/div><\/div><\/div><div id=\"pg-807-3\"  class=\"panel-grid panel-no-style\" ><div id=\"pgc-807-3-0\"  class=\"panel-grid-cell\" ><div id=\"panel-807-3-0-0\" class=\"so-panel widget widget_sow-editor panel-first-child\" data-index=\"3\" ><div\n\t\t\t\n\t\t\tclass=\"so-widget-sow-editor so-widget-sow-editor-base\"\n\t\t\t\n\t\t>\n<div class=\"siteorigin-widget-tinymce textwidget\">\n\t<p><a href=\"https:\/\/cmf-fmc.ca\/\" target=\"_blank\" rel=\"noopener\"><img loading=\"lazy\" decoding=\"async\" class=\"aligncenter wp-image-80\" src=\"https:\/\/wiftcanadacoalition.ca\/wp-content\/uploads\/2021\/03\/CMF-Logo-ENG-1C-Black-POS-RGB-1.png\" alt=\"\" width=\"174\" height=\"127\" srcset=\"https:\/\/wiftcanadacoalition.ca\/wp-content\/uploads\/2021\/03\/CMF-Logo-ENG-1C-Black-POS-RGB-1.png 348w, https:\/\/wiftcanadacoalition.ca\/wp-content\/uploads\/2021\/03\/CMF-Logo-ENG-1C-Black-POS-RGB-1-300x219.png 300w\" sizes=\"auto, (max-width: 174px) 100vw, 174px\" \/><\/a><\/p>\n<p style=\"text-align: center;\"><span style=\"font-size: 20px;\">Nous remercions le Fonds des m\u00e9dias du Canada pour son soutien.<\/span><\/p>\n<\/div>\n<\/div><\/div><div id=\"panel-807-3-0-1\" class=\"so-panel widget widget_sow-editor panel-last-child\" data-index=\"4\" ><div\n\t\t\t\n\t\t\tclass=\"so-widget-sow-editor so-widget-sow-editor-base\"\n\t\t\t\n\t\t>\n<div class=\"siteorigin-widget-tinymce textwidget\">\n\t<hr \/>\n<\/div>\n<\/div><\/div><\/div><\/div><div id=\"pg-807-4\"  class=\"panel-grid panel-no-style\" ><div id=\"pgc-807-4-0\"  class=\"panel-grid-cell\" ><div id=\"panel-807-4-0-0\" class=\"so-panel widget widget_sow-editor panel-first-child\" data-index=\"5\" ><div\n\t\t\t\n\t\t\tclass=\"so-widget-sow-editor so-widget-sow-editor-base\"\n\t\t\t\n\t\t>\n<div class=\"siteorigin-widget-tinymce textwidget\">\n\t<h1 style=\"text-align: center;\"><strong>Communiqu\u00e9 de Presse<\/strong><\/h1>\n<p style=\"text-align: center;\"><b>Montre\u0301al, le 27 octobre 2021 \u2013 La Coalition des femmes du cine\u0301ma, de la te\u0301le\u0301vision et des me\u0301dias nume\u0301riques du Canada (Coalition WIFT Canada)\u00a0<\/b>a publie\u0301 sa toute dernie\u0300re e\u0301tude,\u00a0<b><i>De\u0301cider de la diversite\u0301 : Covid-19, risque et ine\u0301galite\u0301 intersectionnelle dans l\u2019industrie canadienne de la production cine\u0301matographique et te\u0301le\u0301visuelle<\/i><\/b>. Les auteures en sont\u00a0<b>Amanda Coles (Ph. D.)<\/b>, de l\u2019universite\u0301 Deakin, en Australie, et\u00a0<b>Deb Verhoeven, professeure\u00a0<\/b>et titulaire de la chaire de recherche Canada 150 en genre et en informatique culturelle a\u0300 l\u2019Universite\u0301 de l\u2019Alberta.<\/p>\n<\/div>\n<\/div><\/div><div id=\"panel-807-4-0-1\" class=\"so-panel widget widget_sow-button\" data-index=\"6\" ><div\n\t\t\t\n\t\t\tclass=\"so-widget-sow-button so-widget-sow-button-atom-f54c0409268f-807\"\n\t\t\t\n\t\t><div class=\"ow-button-base ow-button-align-center\"\n>\n\t\t\t<a\n\t\t\t\t\thref=\"https:\/\/wiftcanadacoalition.ca\/wp-content\/uploads\/2021\/10\/Diversite-communique-WFTCC-20-oct.pdf\"\n\t\t\t\t\tclass=\"sowb-button ow-icon-placement-left ow-button-hover\" \t>\n\t\t<span>\n\t\t\t\n\t\t\tCliquez ici pour le communiqu\u00e9 de presse\t\t<\/span>\n\t\t\t<\/a>\n\t<\/div>\n<\/div><\/div><div id=\"panel-807-4-0-2\" class=\"so-panel widget widget_sow-button panel-last-child\" data-index=\"7\" ><div\n\t\t\t\n\t\t\tclass=\"so-widget-sow-button so-widget-sow-button-atom-f54c0409268f-807\"\n\t\t\t\n\t\t><div class=\"ow-button-base ow-button-align-center\"\n>\n\t\t\t<a\n\t\t\t\t\thref=\"https:\/\/wiftcanadacoalition.ca\/wp-content\/uploads\/2021\/10\/WIFT-Diversity-News-Release-EN-October-27-11-AM-ET-.pdf\"\n\t\t\t\t\tclass=\"sowb-button ow-icon-placement-left ow-button-hover\" target=\"_blank\" rel=\"noopener noreferrer\" \t>\n\t\t<span>\n\t\t\t\n\t\t\tCliquez sur le lien pour le rapport complet\t\t<\/span>\n\t\t\t<\/a>\n\t<\/div>\n<\/div><\/div><\/div><\/div><div id=\"pg-807-5\"  class=\"panel-grid panel-no-style\" ><div id=\"pgc-807-5-0\"  class=\"panel-grid-cell\" ><div id=\"panel-807-5-0-0\" class=\"so-panel widget widget_sow-editor panel-first-child panel-last-child\" data-index=\"8\" ><div\n\t\t\t\n\t\t\tclass=\"so-widget-sow-editor so-widget-sow-editor-base\"\n\t\t\t\n\t\t>\n<div class=\"siteorigin-widget-tinymce textwidget\">\n\t<hr \/>\n<\/div>\n<\/div><\/div><\/div><\/div><div id=\"pg-807-6\"  class=\"panel-grid panel-has-style\" ><div class=\"pinched panel-row-style panel-row-style-for-807-6\" ><div id=\"pgc-807-6-0\"  class=\"panel-grid-cell\" ><div id=\"panel-807-6-0-0\" class=\"so-panel widget widget_sow-editor panel-first-child panel-last-child\" data-index=\"9\" ><div\n\t\t\t\n\t\t\tclass=\"so-widget-sow-editor so-widget-sow-editor-base\"\n\t\t\t\n\t\t>\n<div class=\"siteorigin-widget-tinymce textwidget\">\n\t<p><a href=\"https:\/\/wiftcanadacoalition.ca\/wp-content\/uploads\/2021\/05\/WIFT-AT_hzlogo_CMYK-3-1.svg\" target=\"_blank\" rel=\"noopener\"><img loading=\"lazy\" decoding=\"async\" class=\"wp-image-923 size-medium aligncenter\" src=\"https:\/\/wiftcanadacoalition.ca\/wp-content\/uploads\/2021\/05\/WIFT-AT_hzlogo_CMYK-3-1.svg\" alt=\"\" width=\"300\" height=\"300\" \/><\/a><\/p>\n<p style=\"text-align: center;\">Fond\u00e9e en 2009, Women in Film &amp; Television - Atlantic (WIFT-AT) est une association professionnelle \u00e0 but non lucratif qui fait progresser la carri\u00e8re des femmes et de toutes les personnes confront\u00e9es \u00e0 l'oppression li\u00e9e au genre qui travaillent dans le domaine de l'audiovisuel dans les provinces atlantiques du Canada. Notre mission est de c\u00e9l\u00e9brer, de d\u00e9velopper et d'exploiter les comp\u00e9tences, les talents et le potentiel de nos 220 membres dans les quatre provinces les plus \u00e0 l'est du Canada : Nouvelle-\u00c9cosse, Nouveau-Brunswick, \u00cele-du-Prince-\u00c9douard et Terre-Neuve-et-Labrador.<\/p>\n<p style=\"text-align: center;\"><a href=\"https:\/\/www.wift-at.com\/\" target=\"_blank\" rel=\"noopener\">WIFT Atlantic Website<\/a><\/p>\n<\/div>\n<\/div><\/div><\/div><div id=\"pgc-807-6-1\"  class=\"panel-grid-cell\" ><div id=\"panel-807-6-1-0\" class=\"so-panel widget widget_sow-editor panel-first-child panel-last-child\" data-index=\"10\" ><div\n\t\t\t\n\t\t\tclass=\"so-widget-sow-editor so-widget-sow-editor-base\"\n\t\t\t\n\t\t>\n<div class=\"siteorigin-widget-tinymce textwidget\">\n\t<p style=\"text-align: center;\"><a href=\"https:\/\/fctmn.org\/\"><img loading=\"lazy\" decoding=\"async\" class=\"alignnone wp-image-528 size-medium\" src=\"https:\/\/wiftcanadacoalition.ca\/wp-content\/uploads\/2021\/05\/FCTMN_logo_Poster_PMSU-POST.svg\" alt=\"Femmes du cin\u00e9ma de la television et des medias numeriques\" width=\"300\" height=\"300\" \/><\/a><\/p>\n<p style=\"text-align: center;\">Femmes du cin\u00e9ma, de la t\u00e9l\u00e9vision et des m\u00e9dias num\u00e9riques (FCTMN) est le r\u00e9seau qu\u00e9b\u00e9cois qui soutient les femmes et les personnes non binaires des industries cr\u00e9atives dans le d\u00e9veloppement et le rayonnement de leurs carri\u00e8res. Fond\u00e9 en 1991, notre mission est d'assurer une meilleure repr\u00e9sentation des femmes dans l'industrie avec une offre diversifi\u00e9e d'activit\u00e9s, de formations, d'accompagnement par les pairs, de r\u00e9seautage, de webinaires et de rencontres professionnelles.<\/p>\n<p style=\"text-align: center;\"><a href=\"https:\/\/fctmn.org\/\" target=\"_blank\" rel=\"noopener\">Femmes Du Cin\u00e9ma Website<\/a><\/p>\n<\/div>\n<\/div><\/div><\/div><\/div><\/div><div id=\"pg-807-7\"  class=\"panel-grid panel-has-style\" ><div class=\"pinched panel-row-style panel-row-style-for-807-7\" ><div id=\"pgc-807-7-0\"  class=\"panel-grid-cell\" ><div id=\"panel-807-7-0-0\" class=\"so-panel widget widget_sow-editor panel-first-child panel-last-child\" data-index=\"11\" ><div\n\t\t\t\n\t\t\tclass=\"so-widget-sow-editor so-widget-sow-editor-base\"\n\t\t\t\n\t\t>\n<div class=\"siteorigin-widget-tinymce textwidget\">\n\t<p style=\"text-align: center;\"><a href=\"https:\/\/www.wift.com\/\" target=\"_blank\" rel=\"noopener\"><img loading=\"lazy\" decoding=\"async\" class=\"alignnone wp-image-493 size-medium\" src=\"https:\/\/wiftcanadacoalition.ca\/wp-content\/uploads\/2021\/04\/TO-WIFT_LandscapeLogo_FullColour-300x108.png\" alt=\"\" width=\"300\" height=\"108\" srcset=\"https:\/\/wiftcanadacoalition.ca\/wp-content\/uploads\/2021\/04\/TO-WIFT_LandscapeLogo_FullColour-300x108.png 300w, https:\/\/wiftcanadacoalition.ca\/wp-content\/uploads\/2021\/04\/TO-WIFT_LandscapeLogo_FullColour-1024x368.png 1024w, https:\/\/wiftcanadacoalition.ca\/wp-content\/uploads\/2021\/04\/TO-WIFT_LandscapeLogo_FullColour-768x276.png 768w, https:\/\/wiftcanadacoalition.ca\/wp-content\/uploads\/2021\/04\/TO-WIFT_LandscapeLogo_FullColour.png 1404w\" sizes=\"auto, (max-width: 300px) 100vw, 300px\" \/><\/a><\/p>\n<p style=\"text-align: center;\">Fond\u00e9e en 1984, WIFT Toronto est une organisation \u00e0 but non lucratif dirig\u00e9e par ses membres. Nous sommes des personnes passionn\u00e9es qui se consacrent \u00e0 l'\u00e9ducation, \u00e0 l'engagement et \u00e0 l'autonomisation de nos membres \u00e0 toutes les \u00e9tapes de leurs carri\u00e8res dans l'industrie audiovisuelle.<\/p>\n<p style=\"text-align: center;\"><a href=\"https:\/\/www.wift.com\/\" target=\"_blank\" rel=\"noopener\">WIFT Toronto Website<\/a><\/p>\n<\/div>\n<\/div><\/div><\/div><div id=\"pgc-807-7-1\"  class=\"panel-grid-cell\" ><div id=\"panel-807-7-1-0\" class=\"so-panel widget widget_sow-editor panel-first-child panel-last-child\" data-index=\"12\" ><div\n\t\t\t\n\t\t\tclass=\"so-widget-sow-editor so-widget-sow-editor-base\"\n\t\t\t\n\t\t>\n<div class=\"siteorigin-widget-tinymce textwidget\">\n\t<p style=\"text-align: center;\"><a href=\"https:\/\/www.wifta.ca\/\"><img loading=\"lazy\" decoding=\"async\" class=\"alignnone wp-image-518 size-medium\" src=\"https:\/\/wiftcanadacoalition.ca\/wp-content\/uploads\/2021\/05\/WIFT-Alberta-21.svg\" alt=\"\" width=\"300\" height=\"300\" \/><\/a><\/p>\n<p style=\"text-align: center;\">Fond\u00e9e en 1998, la vision de WIFT Alberta est de cr\u00e9er une communaut\u00e9 inclusive qui unifie, autonomise et d\u00e9fend les femmes, les personnes s\u2019identifiant comme femme et les personnes non binaires dans les industries des m\u00e9dias et de l'audiovisuel \u00e0 toutes les \u00e9tapes de leurs carri\u00e8res. Nous soutenons nos membres par le biais du mentorat, de l'information et des ressources, du d\u00e9veloppement professionnel, d'\u00e9v\u00e9nements amusants, d'occasions de pr\u00e9senter leur travail et du r\u00e9seautage.<\/p>\n<p style=\"text-align: center;\"><a href=\"https:\/\/www.wifta.ca\/\" target=\"_blank\" rel=\"noopener\">WIFT Alberta Website<\/a><\/p>\n<\/div>\n<\/div><\/div><\/div><\/div><\/div><div id=\"pg-807-8\"  class=\"panel-grid panel-has-style\" ><div class=\"pinched panel-row-style panel-row-style-for-807-8\" ><div id=\"pgc-807-8-0\"  class=\"panel-grid-cell\" ><div id=\"panel-807-8-0-0\" class=\"so-panel widget widget_sow-editor panel-first-child panel-last-child\" data-index=\"13\" ><div\n\t\t\t\n\t\t\tclass=\"so-widget-sow-editor so-widget-sow-editor-base\"\n\t\t\t\n\t\t>\n<div class=\"siteorigin-widget-tinymce textwidget\">\n\t<p style=\"text-align: center;\"><a href=\"https:\/\/www.womeninfilm.ca\/\" target=\"_blank\" rel=\"noopener\"><img loading=\"lazy\" decoding=\"async\" class=\"alignnone wp-image-542 size-medium\" src=\"https:\/\/wiftcanadacoalition.ca\/wp-content\/uploads\/2021\/05\/Van-WIFTV_Logo_WithName-LARGE-1.svg\" alt=\"\" width=\"300\" height=\"300\" \/><\/a><\/p>\n<p style=\"text-align: center;\">Women in Film and Television Vancouver (WIFTV) est une association \u00e0 but non lucratif dirig\u00e9e par ses membres, fond\u00e9e en 1989. Nous nous engageons \u00e0 surmonter les obstacles syst\u00e9miques \u00e0 la participation \u00e9gale des femmes dans la production et la diffusion des m\u00e9dias visuels et \u00e0 cr\u00e9er des m\u00e9dias plus inclusifs \u00e0 la fois pour les cr\u00e9ateurs ou les cr\u00e9atrices et le public. Nous visons \u00e0 offrir aux femmes des opportunit\u00e9s de d\u00e9veloppement professionnel et de projets, et nous c\u00e9l\u00e9brons les r\u00e9alisations des femmes par le biais de nos Spotlight Awards et de notre Vancouver International Women's Film Festival. Notre d\u00e9finition de \u201cfemme\u201d comprend toute personne qui s'identifie dans le spectre de l'identit\u00e9 de genre f\u00e9minin, y compris les femmes trans et les femmes cisgenres..<\/p>\n<p style=\"text-align: center;\"><a href=\"https:\/\/www.womeninfilm.ca\/\" target=\"_blank\" rel=\"noopener\">WIFT Vancouver Website<\/a><\/p>\n<\/div>\n<\/div><\/div><\/div><div id=\"pgc-807-8-1\"  class=\"panel-grid-cell\" ><div id=\"panel-807-8-1-0\" class=\"so-panel widget widget_sow-editor panel-first-child panel-last-child\" data-index=\"14\" ><div\n\t\t\t\n\t\t\tclass=\"so-widget-sow-editor so-widget-sow-editor-base\"\n\t\t\t\n\t\t>\n<div class=\"siteorigin-widget-tinymce textwidget\">\n\t<p><a href=\"http:\/\/womeninview.ca\/\" target=\"_blank\" rel=\"noopener\"><img loading=\"lazy\" decoding=\"async\" class=\"aligncenter wp-image-406\" src=\"https:\/\/wiftcanadacoalition.ca\/wp-content\/uploads\/2021\/04\/View-WIV-2016-4C-stack-Converted.png\" alt=\"\" width=\"180\" height=\"87\" \/><\/a><\/p>\n<p style=\"text-align: center;\">Women in View est une organisation nationale \u00e0 but non lucratif qui se consacre au renforcement de la repr\u00e9sentation des genres et de la diversit\u00e9 dans les m\u00e9dias canadiens, tant \u00e0 l'\u00e9cran que dans les coulisses. Nous y parvenons gr\u00e2ce \u00e0 une s\u00e9rie d'initiatives qui visent \u00e0 sensibiliser, \u00e0 promouvoir le talent et \u00e0 susciter le dialogue dans tous les domaines de la production, des politiques et des arts. Women in View a ouvert la voie en recueillant des donn\u00e9es par le biais de ses On Screen Reports qui pr\u00e9sentent les faits sur l'in\u00e9galit\u00e9 des sexes et le manque d'inclusion dans l'industrie audiovisuelle canadienne.<\/p>\n<p style=\"text-align: center;\"><a href=\"http:\/\/womeninview.ca\/\" target=\"_blank\" rel=\"noopener\">Women In View<\/a><\/p>\n<\/div>\n<\/div><\/div><\/div><\/div><\/div><\/div>","protected":false},"excerpt":{"rendered":"<p>La Coalition WIFT Canada est un groupe dynamique de sections autonomes de WIFT \u00e0 travers le pays comprenant WIFT Atlantic, FCTMN Qu\u00e9bec, WIFT Toronto, WIFT Alberta et WIFT Vancouver ainsi que Women in View.\u00a0 Conscientes de l&rsquo;influence et du pouvoir du nombre, ces six organisations se sont rassembl\u00e9es pour former une force active du changement.<\/p>\n","protected":false},"author":3,"featured_media":0,"parent":0,"menu_order":0,"comment_status":"closed","ping_status":"closed","template":"","meta":{"footnotes":""},"class_list":["post-807","page","type-page","status-publish","hentry"],"acf":[],"_links":{"self":[{"href":"https:\/\/wiftcanadacoalition.ca\/fr\/wp-json\/wp\/v2\/pages\/807","targetHints":{"allow":["GET"]}}],"collection":[{"href":"https:\/\/wiftcanadacoalition.ca\/fr\/wp-json\/wp\/v2\/pages"}],"about":[{"href":"https:\/\/wiftcanadacoalition.ca\/fr\/wp-json\/wp\/v2\/types\/page"}],"author":[{"embeddable":true,"href":"https:\/\/wiftcanadacoalition.ca\/fr\/wp-json\/wp\/v2\/users\/3"}],"replies":[{"embeddable":true,"href":"https:\/\/wiftcanadacoalition.ca\/fr\/wp-json\/wp\/v2\/comments?post=807"}],"version-history":[{"count":38,"href":"https:\/\/wiftcanadacoalition.ca\/fr\/wp-json\/wp\/v2\/pages\/807\/revisions"}],"predecessor-version":[{"id":808,"href":"https:\/\/wiftcanadacoalition.ca\/fr\/wp-json\/wp\/v2\/pages\/807\/revisions\/808"}],"wp:attachment":[{"href":"https:\/\/wiftcanadacoalition.ca\/fr\/wp-json\/wp\/v2\/media?parent=807"}],"curies":[{"name":"wp","href":"https:\/\/api.w.org\/{rel}","templated":true}]}}